{"id":15563,"date":"2022-10-07T17:05:35","date_gmt":"2022-10-07T20:05:35","guid":{"rendered":"https:\/\/gustavoassisceramicas.com.br\/?post_type=product&#038;p=15563"},"modified":"2023-10-02T10:25:41","modified_gmt":"2023-10-02T13:25:41","slug":"tigela-pequena-lisa-ou-chawan-em-celadon","status":"publish","type":"product","link":"https:\/\/gustavoassisceramicas.com.br\/pt\/produto\/tigela-pequena-lisa-ou-chawan-em-celadon\/","title":{"rendered":"Tigela Pequena lisa ou Chawan em Celadon"},"content":{"rendered":"","protected":false},"excerpt":{"rendered":"<p>Tigela pequena ou Chawan<\/p>\n<p>No Jap\u00e3o, ela \u00e9 chamada de chawan e normalmente \u00e9 usada para se tomar ch\u00e1 ou para servir arroz. Al\u00e9m desses usos, ela serve como um bowl pequeno. Esta tigela foi feita no torno e queimada em forno \u00e0 g\u00e1s.<\/p>\n<p>Tigela decorada com esmalte celadon.<\/p>\n<p>Peso aproximado: 210 g<br \/>\nDimens\u00f5es Aproximadas: di\u00e2metro 10,5 cm x altura 7 cm<\/p>\n","protected":false},"featured_media":15568,"comment_status":"open","ping_status":"closed","template":"","meta":[],"product_brand":[],"product_cat":[778,777,184,162],"product_tag":[173,401,191],"class_list":{"0":"post-15563","1":"product","2":"type-product","3":"status-publish","4":"has-post-thumbnail","6":"product_cat-celadon","7":"product_cat-colecoes","8":"product_cat-pratos","9":"product_cat-utilitarios","10":"product_tag-celadon","11":"product_tag-chawan","12":"product_tag-tigela","14":"first","15":"instock","16":"shipping-taxable","17":"product-type-simple"},"_links":{"self":[{"href":"https:\/\/gustavoassisceramicas.com.br\/pt\/wp-json\/wp\/v2\/product\/15563","targetHints":{"allow":["GET"]}}],"collection":[{"href":"https:\/\/gustavoassisceramicas.com.br\/pt\/wp-json\/wp\/v2\/product"}],"about":[{"href":"https:\/\/gustavoassisceramicas.com.br\/pt\/wp-json\/wp\/v2\/types\/product"}],"replies":[{"embeddable":true,"href":"https:\/\/gustavoassisceramicas.com.br\/pt\/wp-json\/wp\/v2\/comments?post=15563"}],"wp:featuredmedia":[{"embeddable":true,"href":"https:\/\/gustavoassisceramicas.com.br\/pt\/wp-json\/wp\/v2\/media\/15568"}],"wp:attachment":[{"href":"https:\/\/gustavoassisceramicas.com.br\/pt\/wp-json\/wp\/v2\/media?parent=15563"}],"wp:term":[{"taxonomy":"product_brand","embeddable":true,"href":"https:\/\/gustavoassisceramicas.com.br\/pt\/wp-json\/wp\/v2\/product_brand?post=15563"},{"taxonomy":"product_cat","embeddable":true,"href":"https:\/\/gustavoassisceramicas.com.br\/pt\/wp-json\/wp\/v2\/product_cat?post=15563"},{"taxonomy":"product_tag","embeddable":true,"href":"https:\/\/gustavoassisceramicas.com.br\/pt\/wp-json\/wp\/v2\/product_tag?post=15563"}],"curies":[{"name":"wp","href":"https:\/\/api.w.org\/{rel}","templated":true}]}}