{"id":16146,"date":"2023-10-02T15:40:11","date_gmt":"2023-10-02T18:40:11","guid":{"rendered":"https:\/\/gustavoassisceramicas.com.br\/?post_type=product&#038;p=16146"},"modified":"2023-10-02T15:50:45","modified_gmt":"2023-10-02T18:50:45","slug":"xicara-de-cafe-em-celadon-e-sangue-de-boi-com-pratinho","status":"publish","type":"product","link":"https:\/\/gustavoassisceramicas.com.br\/en\/product\/xicara-de-cafe-em-celadon-e-sangue-de-boi-com-pratinho\/","title":{"rendered":"X\u00edcara de caf\u00e9 em celadon e sangue de boi com pratinho"},"content":{"rendered":"","protected":false},"excerpt":{"rendered":"<p>X\u00edcara em esmalte celadon e sangue de boi<\/p>\n<p>Delicada x\u00edcara de cafezinho com esmalte celadon e sangue de boi na borda.<br \/>\nSuper leve e gostosa de usar. Feita no torno \u00e0 m\u00e3o.<br \/>\nAcompanha pratinho.<br \/>\nPode ser levado ao micro-ondas e m\u00e1quina de lavar lou\u00e7as.<\/p>\n<p>Capacidade volum\u00e9trica aproximada: 186 ml<\/p>\n<p>Dimens\u00f5es aproximadas (Altura x Di\u00e2metro): pires: 2 x 10,5 cm \/ x\u00edcara: 7,5 x 7 cm<\/p>\n<p>Peso total aproximado: 300 gramas<\/p>","protected":false},"featured_media":16148,"comment_status":"open","ping_status":"closed","template":"","meta":[],"product_brand":[],"product_cat":[778,777,779,162,182],"product_tag":[170,173,168,169],"class_list":{"0":"post-16146","1":"product","2":"type-product","3":"status-publish","4":"has-post-thumbnail","6":"product_cat-celadon","7":"product_cat-colecoes","8":"product_cat-sangue-de-boi","9":"product_cat-utilitarios","10":"product_cat-xicaras-canecas-e-copos","11":"product_tag-cafe","12":"product_tag-celadon","13":"product_tag-sangue-de-boi","14":"product_tag-xicara","16":"first","17":"instock","18":"shipping-taxable","19":"product-type-simple"},"_links":{"self":[{"href":"https:\/\/gustavoassisceramicas.com.br\/en\/wp-json\/wp\/v2\/product\/16146","targetHints":{"allow":["GET"]}}],"collection":[{"href":"https:\/\/gustavoassisceramicas.com.br\/en\/wp-json\/wp\/v2\/product"}],"about":[{"href":"https:\/\/gustavoassisceramicas.com.br\/en\/wp-json\/wp\/v2\/types\/product"}],"replies":[{"embeddable":true,"href":"https:\/\/gustavoassisceramicas.com.br\/en\/wp-json\/wp\/v2\/comments?post=16146"}],"wp:featuredmedia":[{"embeddable":true,"href":"https:\/\/gustavoassisceramicas.com.br\/en\/wp-json\/wp\/v2\/media\/16148"}],"wp:attachment":[{"href":"https:\/\/gustavoassisceramicas.com.br\/en\/wp-json\/wp\/v2\/media?parent=16146"}],"wp:term":[{"taxonomy":"product_brand","embeddable":true,"href":"https:\/\/gustavoassisceramicas.com.br\/en\/wp-json\/wp\/v2\/product_brand?post=16146"},{"taxonomy":"product_cat","embeddable":true,"href":"https:\/\/gustavoassisceramicas.com.br\/en\/wp-json\/wp\/v2\/product_cat?post=16146"},{"taxonomy":"product_tag","embeddable":true,"href":"https:\/\/gustavoassisceramicas.com.br\/en\/wp-json\/wp\/v2\/product_tag?post=16146"}],"curies":[{"name":"wp","href":"https:\/\/api.w.org\/{rel}","templated":true}]}}