{"id":15727,"date":"2022-10-12T16:58:38","date_gmt":"2022-10-12T19:58:38","guid":{"rendered":"https:\/\/gustavoassisceramicas.com.br\/?post_type=product&#038;p=15727"},"modified":"2022-10-29T11:30:53","modified_gmt":"2022-10-29T14:30:53","slug":"vasos-com-engobe-preto","status":"publish","type":"product","link":"https:\/\/gustavoassisceramicas.com.br\/en\/product\/vasos-com-engobe-preto\/","title":{"rendered":"Vasos com engobe preto"},"content":{"rendered":"","protected":false},"excerpt":{"rendered":"<p>Vasos com engobe preto<\/p>\n<p>Vasos feitos no torno com decora\u00e7\u00e3o em desenhos geom\u00e9tricos e utilizando v\u00e1rias cores. Como n\u00e3o possui furo, pode ser usado como cachepot.<\/p>\n<p>Diversos modelos dispon\u00edveis.<\/p>\n<p>Modelo 1<br \/>\nPeso Aprox. 1,2 kg<br \/>\nTamanho Aprox. 19 cm de di\u00e2m. x 15 cm de altura<\/p>\n<p>Modelos 2,3 e 4<br \/>\nPeso Aprox.  1,4 kg<br \/>\nTamanho Aprox. 16 cm de di\u00e2metro x 22 cm de altura <\/p>","protected":false},"featured_media":15728,"comment_status":"open","ping_status":"closed","template":"","meta":[],"product_brand":[],"product_cat":[777,780,176,346],"product_tag":[269,190,341,186,257],"class_list":{"0":"post-15727","1":"product","2":"type-product","3":"status-publish","4":"has-post-thumbnail","6":"product_cat-colecoes","7":"product_cat-cores","8":"product_cat-decorativas","9":"product_cat-vasos","10":"product_tag-cachepot","11":"product_tag-planta","12":"product_tag-preto","13":"product_tag-vaso","14":"product_tag-vermelho","16":"first","17":"instock","18":"shipping-taxable","19":"product-type-variable"},"_links":{"self":[{"href":"https:\/\/gustavoassisceramicas.com.br\/en\/wp-json\/wp\/v2\/product\/15727","targetHints":{"allow":["GET"]}}],"collection":[{"href":"https:\/\/gustavoassisceramicas.com.br\/en\/wp-json\/wp\/v2\/product"}],"about":[{"href":"https:\/\/gustavoassisceramicas.com.br\/en\/wp-json\/wp\/v2\/types\/product"}],"replies":[{"embeddable":true,"href":"https:\/\/gustavoassisceramicas.com.br\/en\/wp-json\/wp\/v2\/comments?post=15727"}],"wp:featuredmedia":[{"embeddable":true,"href":"https:\/\/gustavoassisceramicas.com.br\/en\/wp-json\/wp\/v2\/media\/15728"}],"wp:attachment":[{"href":"https:\/\/gustavoassisceramicas.com.br\/en\/wp-json\/wp\/v2\/media?parent=15727"}],"wp:term":[{"taxonomy":"product_brand","embeddable":true,"href":"https:\/\/gustavoassisceramicas.com.br\/en\/wp-json\/wp\/v2\/product_brand?post=15727"},{"taxonomy":"product_cat","embeddable":true,"href":"https:\/\/gustavoassisceramicas.com.br\/en\/wp-json\/wp\/v2\/product_cat?post=15727"},{"taxonomy":"product_tag","embeddable":true,"href":"https:\/\/gustavoassisceramicas.com.br\/en\/wp-json\/wp\/v2\/product_tag?post=15727"}],"curies":[{"name":"wp","href":"https:\/\/api.w.org\/{rel}","templated":true}]}}