{"id":15231,"date":"2021-11-30T15:04:01","date_gmt":"2021-11-30T18:04:01","guid":{"rendered":"https:\/\/gustavoassisceramicas.com.br\/?post_type=product&#038;p=15231"},"modified":"2023-12-04T18:12:43","modified_gmt":"2023-12-04T21:12:43","slug":"xicara-de-cha-em-terracota","status":"publish","type":"product","link":"https:\/\/gustavoassisceramicas.com.br\/en\/product\/xicara-de-cha-em-terracota\/","title":{"rendered":"X\u00edcara de ch\u00e1 grande em terracota"},"content":{"rendered":"","protected":false},"excerpt":{"rendered":"<p>X\u00edcara de ch\u00e1 com pires<\/p>\n<p>Pe\u00e7a feita no torno em argila terracota e esmaltada branca por dentro e por fora. Queimado em forno \u00e0 g\u00e1s em alta temperatura.<\/p>\n<p>Acompanha pratinho.<\/p>\n<p>Peso Aproximado Total: 520 g<br \/>\nDimens\u00f5es Aproximadas (Altura x Di\u00e2metro) pires: 3 x 14 cm \/ x\u00edcara: 6 x 11 cm<\/p>","protected":false},"featured_media":15678,"comment_status":"open","ping_status":"closed","template":"","meta":[],"product_brand":[],"product_cat":[777,781,162,182],"product_tag":[273,171,276,274,275,169],"class_list":{"0":"post-15231","1":"product","2":"type-product","3":"status-publish","4":"has-post-thumbnail","6":"product_cat-colecoes","7":"product_cat-terracota","8":"product_cat-utilitarios","9":"product_cat-xicaras-canecas-e-copos","10":"product_tag-cafe-com-leite","11":"product_tag-cha","12":"product_tag-estanho","13":"product_tag-fazenda","14":"product_tag-rustico","15":"product_tag-xicara","17":"first","18":"instock","19":"shipping-taxable","20":"product-type-variable"},"_links":{"self":[{"href":"https:\/\/gustavoassisceramicas.com.br\/en\/wp-json\/wp\/v2\/product\/15231","targetHints":{"allow":["GET"]}}],"collection":[{"href":"https:\/\/gustavoassisceramicas.com.br\/en\/wp-json\/wp\/v2\/product"}],"about":[{"href":"https:\/\/gustavoassisceramicas.com.br\/en\/wp-json\/wp\/v2\/types\/product"}],"replies":[{"embeddable":true,"href":"https:\/\/gustavoassisceramicas.com.br\/en\/wp-json\/wp\/v2\/comments?post=15231"}],"wp:featuredmedia":[{"embeddable":true,"href":"https:\/\/gustavoassisceramicas.com.br\/en\/wp-json\/wp\/v2\/media\/15678"}],"wp:attachment":[{"href":"https:\/\/gustavoassisceramicas.com.br\/en\/wp-json\/wp\/v2\/media?parent=15231"}],"wp:term":[{"taxonomy":"product_brand","embeddable":true,"href":"https:\/\/gustavoassisceramicas.com.br\/en\/wp-json\/wp\/v2\/product_brand?post=15231"},{"taxonomy":"product_cat","embeddable":true,"href":"https:\/\/gustavoassisceramicas.com.br\/en\/wp-json\/wp\/v2\/product_cat?post=15231"},{"taxonomy":"product_tag","embeddable":true,"href":"https:\/\/gustavoassisceramicas.com.br\/en\/wp-json\/wp\/v2\/product_tag?post=15231"}],"curies":[{"name":"wp","href":"https:\/\/api.w.org\/{rel}","templated":true}]}}