{"id":7752,"date":"2019-09-03T19:46:11","date_gmt":"2019-09-03T22:46:11","guid":{"rendered":"https:\/\/gustavoassisceramicas.com.br\/?post_type=product&#038;p=7752"},"modified":"2022-10-29T12:09:09","modified_gmt":"2022-10-29T15:09:09","slug":"xicara-de-cafe-em-terracota","status":"publish","type":"product","link":"http:\/\/gustavoassisceramicas.com.br\/pt\/produto\/xicara-de-cafe-em-terracota\/","title":{"rendered":"X\u00edcara de caf\u00e9 pequena em terracota"},"content":{"rendered":"","protected":false},"excerpt":{"rendered":"<p>X\u00edcara de cafezinho em argila terracota com esmalta\u00e7\u00e3o branca<\/p>\n<p>Super leve e gostosa de usar. Feita no torno \u00e0 m\u00e3o. Pe\u00e7as \u00fanicas.<\/p>\n<p>Acompanha pratinho.<\/p>\n<p>Pode ser levado ao micro-ondas e m\u00e1quina de lavar lou\u00e7as.<\/p>\n<p>Dimens\u00f5es aproximadas (Altura x Di\u00e2metro): 5,5 x 6,5 cm<br \/>\nPeso aproximado: 170 gramas<\/p>\n","protected":false},"featured_media":15826,"comment_status":"open","ping_status":"closed","template":"","meta":[],"product_brand":[],"product_cat":[777,781,162,182],"product_tag":[172,170,419,164,169],"class_list":{"0":"post-7752","1":"product","2":"type-product","3":"status-publish","4":"has-post-thumbnail","6":"product_cat-colecoes","7":"product_cat-terracota","8":"product_cat-utilitarios","9":"product_cat-xicaras-canecas-e-copos","10":"product_tag-branco","11":"product_tag-cafe","12":"product_tag-conjunto","13":"product_tag-terracota","14":"product_tag-xicara","16":"first","17":"instock","18":"shipping-taxable","19":"product-type-simple"},"_links":{"self":[{"href":"http:\/\/gustavoassisceramicas.com.br\/pt\/wp-json\/wp\/v2\/product\/7752","targetHints":{"allow":["GET"]}}],"collection":[{"href":"http:\/\/gustavoassisceramicas.com.br\/pt\/wp-json\/wp\/v2\/product"}],"about":[{"href":"http:\/\/gustavoassisceramicas.com.br\/pt\/wp-json\/wp\/v2\/types\/product"}],"replies":[{"embeddable":true,"href":"http:\/\/gustavoassisceramicas.com.br\/pt\/wp-json\/wp\/v2\/comments?post=7752"}],"wp:featuredmedia":[{"embeddable":true,"href":"http:\/\/gustavoassisceramicas.com.br\/pt\/wp-json\/wp\/v2\/media\/15826"}],"wp:attachment":[{"href":"http:\/\/gustavoassisceramicas.com.br\/pt\/wp-json\/wp\/v2\/media?parent=7752"}],"wp:term":[{"taxonomy":"product_brand","embeddable":true,"href":"http:\/\/gustavoassisceramicas.com.br\/pt\/wp-json\/wp\/v2\/product_brand?post=7752"},{"taxonomy":"product_cat","embeddable":true,"href":"http:\/\/gustavoassisceramicas.com.br\/pt\/wp-json\/wp\/v2\/product_cat?post=7752"},{"taxonomy":"product_tag","embeddable":true,"href":"http:\/\/gustavoassisceramicas.com.br\/pt\/wp-json\/wp\/v2\/product_tag?post=7752"}],"curies":[{"name":"wp","href":"https:\/\/api.w.org\/{rel}","templated":true}]}}