{"id":7715,"date":"2019-09-02T21:40:17","date_gmt":"2019-09-03T00:40:17","guid":{"rendered":"https:\/\/gustavoassisceramicas.com.br\/?post_type=product&#038;p=7715"},"modified":"2022-10-29T12:14:34","modified_gmt":"2022-10-29T15:14:34","slug":"vaso-em-esmalte-sangue-de-boi-com-mancha-verde","status":"publish","type":"product","link":"http:\/\/gustavoassisceramicas.com.br\/pt\/produto\/vaso-em-esmalte-sangue-de-boi-com-mancha-verde\/","title":{"rendered":"Vaso em cobre vermelho com mancha verde"},"content":{"rendered":"","protected":false},"excerpt":{"rendered":"<p>Pe\u00e7a rar\u00edssima com efeito dific\u00edlimo de alcan\u00e7ar. Torneada \u00e0 m\u00e3o em porcelana e queimada no forno \u00e0 g\u00e1s em alta temperatura. O esmalte usado \u00e9 o cobre vermelho e devido \u00e0s condi\u00e7\u00f5es \u00fanicas de temperatura e redu\u00e7\u00e3o-oxida\u00e7\u00e3o, a pe\u00e7a adquiriu essa bela colora\u00e7\u00e3o.<\/p>\n<p>Dimens\u00f5es aprox. e peso aproximado &#8211; di\u00e2metro 16 cm x 17 cm de altura 1,147 kg<\/p>\n","protected":false},"featured_media":15952,"comment_status":"open","ping_status":"closed","template":"","meta":[],"product_brand":[],"product_cat":[777,176,779,346],"product_tag":[339,340,186],"class_list":{"0":"post-7715","1":"product","2":"type-product","3":"status-publish","4":"has-post-thumbnail","6":"product_cat-colecoes","7":"product_cat-decorativas","8":"product_cat-sangue-de-boi","9":"product_cat-vasos","10":"product_tag-cobre-vermelho","11":"product_tag-porcelana","12":"product_tag-vaso","14":"first","15":"instock","16":"shipping-taxable","17":"product-type-simple"},"_links":{"self":[{"href":"http:\/\/gustavoassisceramicas.com.br\/pt\/wp-json\/wp\/v2\/product\/7715","targetHints":{"allow":["GET"]}}],"collection":[{"href":"http:\/\/gustavoassisceramicas.com.br\/pt\/wp-json\/wp\/v2\/product"}],"about":[{"href":"http:\/\/gustavoassisceramicas.com.br\/pt\/wp-json\/wp\/v2\/types\/product"}],"replies":[{"embeddable":true,"href":"http:\/\/gustavoassisceramicas.com.br\/pt\/wp-json\/wp\/v2\/comments?post=7715"}],"wp:featuredmedia":[{"embeddable":true,"href":"http:\/\/gustavoassisceramicas.com.br\/pt\/wp-json\/wp\/v2\/media\/15952"}],"wp:attachment":[{"href":"http:\/\/gustavoassisceramicas.com.br\/pt\/wp-json\/wp\/v2\/media?parent=7715"}],"wp:term":[{"taxonomy":"product_brand","embeddable":true,"href":"http:\/\/gustavoassisceramicas.com.br\/pt\/wp-json\/wp\/v2\/product_brand?post=7715"},{"taxonomy":"product_cat","embeddable":true,"href":"http:\/\/gustavoassisceramicas.com.br\/pt\/wp-json\/wp\/v2\/product_cat?post=7715"},{"taxonomy":"product_tag","embeddable":true,"href":"http:\/\/gustavoassisceramicas.com.br\/pt\/wp-json\/wp\/v2\/product_tag?post=7715"}],"curies":[{"name":"wp","href":"https:\/\/api.w.org\/{rel}","templated":true}]}}