{"id":5269,"date":"2018-09-24T22:37:24","date_gmt":"2018-09-25T01:37:24","guid":{"rendered":"https:\/\/gustavoassisceramicas.com.br\/?post_type=product&#038;p=5269"},"modified":"2023-03-03T23:22:06","modified_gmt":"2023-03-04T02:22:06","slug":"lustre-com-furos","status":"publish","type":"product","link":"http:\/\/gustavoassisceramicas.com.br\/pt\/produto\/lustre-com-furos\/","title":{"rendered":"Lustre com furos"},"content":{"rendered":"","protected":false},"excerpt":{"rendered":"<p>Lustre de Teto<\/p>\n<p>Esse lustre recebeu uma esmalta\u00e7\u00e3o azul mas que mostrou na pe\u00e7a uma diversidade de cores que desafia a descri\u00e7\u00e3o. Sua esfera central foi feita no torno e depois foram feitos furos e orif\u00edcios de onde a luz sai e cria um ambiente misterioso e intimista. <\/p>\n<p>N\u00e3o acompanha fia\u00e7\u00e3o e l\u00e2mpada.<\/p>\n<p>Peso Aproximado: 1,838 gr<br \/>\nTamanho Aproximado (Altura x Di\u00e2metro): 19 x 24 cm <\/p>\n","protected":false},"featured_media":13541,"comment_status":"open","ping_status":"closed","template":"","meta":[],"product_brand":[],"product_cat":[176,751],"product_tag":[240,301,298,300],"class_list":{"0":"post-5269","1":"product","2":"type-product","3":"status-publish","4":"has-post-thumbnail","6":"product_cat-decorativas","7":"product_cat-iluminacao2","8":"product_tag-azul","9":"product_tag-iluminacao","10":"product_tag-led","11":"product_tag-lustre","13":"first","14":"instock","15":"shipping-taxable","16":"product-type-simple"},"_links":{"self":[{"href":"http:\/\/gustavoassisceramicas.com.br\/pt\/wp-json\/wp\/v2\/product\/5269","targetHints":{"allow":["GET"]}}],"collection":[{"href":"http:\/\/gustavoassisceramicas.com.br\/pt\/wp-json\/wp\/v2\/product"}],"about":[{"href":"http:\/\/gustavoassisceramicas.com.br\/pt\/wp-json\/wp\/v2\/types\/product"}],"replies":[{"embeddable":true,"href":"http:\/\/gustavoassisceramicas.com.br\/pt\/wp-json\/wp\/v2\/comments?post=5269"}],"wp:featuredmedia":[{"embeddable":true,"href":"http:\/\/gustavoassisceramicas.com.br\/pt\/wp-json\/wp\/v2\/media\/13541"}],"wp:attachment":[{"href":"http:\/\/gustavoassisceramicas.com.br\/pt\/wp-json\/wp\/v2\/media?parent=5269"}],"wp:term":[{"taxonomy":"product_brand","embeddable":true,"href":"http:\/\/gustavoassisceramicas.com.br\/pt\/wp-json\/wp\/v2\/product_brand?post=5269"},{"taxonomy":"product_cat","embeddable":true,"href":"http:\/\/gustavoassisceramicas.com.br\/pt\/wp-json\/wp\/v2\/product_cat?post=5269"},{"taxonomy":"product_tag","embeddable":true,"href":"http:\/\/gustavoassisceramicas.com.br\/pt\/wp-json\/wp\/v2\/product_tag?post=5269"}],"curies":[{"name":"wp","href":"https:\/\/api.w.org\/{rel}","templated":true}]}}