{"id":5196,"date":"2018-09-12T20:06:54","date_gmt":"2018-09-12T23:06:54","guid":{"rendered":"https:\/\/gustavoassisceramicas.com.br\/?post_type=product&#038;p=5196"},"modified":"2022-10-29T12:09:41","modified_gmt":"2022-10-29T15:09:41","slug":"garrafinha-dosadora","status":"publish","type":"product","link":"http:\/\/gustavoassisceramicas.com.br\/pt\/produto\/garrafinha-dosadora\/","title":{"rendered":"Garrafinha dosadora"},"content":{"rendered":"","protected":false},"excerpt":{"rendered":"<p>Garrafinha Dosadora<\/p>\n<p>Feita em terracota apresenta um formato e textura gostosa de pegar. \u00d3tima companheira da mesa, pode ser usada como dosadora de azeite, vinagre e molhos para salada, etc. Feita \u00e0 m\u00e3o no torno e queimada no forno \u00e0 g\u00e1s em altas temperaturas.<\/p>\n<p>Peso Aproximado: 255 g<br \/>\nDimens\u00f5es Aproximadas: (Altura x Di\u00e2metro) 14 x 6 cm<\/p>\n","protected":false},"featured_media":15725,"comment_status":"open","ping_status":"closed","template":"","meta":[],"product_brand":[],"product_cat":[242,777,781,162],"product_tag":[279,278,280],"class_list":{"0":"post-5196","1":"product","2":"type-product","3":"status-publish","4":"has-post-thumbnail","6":"product_cat-bules","7":"product_cat-colecoes","8":"product_cat-terracota","9":"product_cat-utilitarios","10":"product_tag-azeite","11":"product_tag-garrafinha","12":"product_tag-vinagre","14":"first","15":"instock","16":"shipping-taxable","17":"product-type-simple"},"_links":{"self":[{"href":"http:\/\/gustavoassisceramicas.com.br\/pt\/wp-json\/wp\/v2\/product\/5196","targetHints":{"allow":["GET"]}}],"collection":[{"href":"http:\/\/gustavoassisceramicas.com.br\/pt\/wp-json\/wp\/v2\/product"}],"about":[{"href":"http:\/\/gustavoassisceramicas.com.br\/pt\/wp-json\/wp\/v2\/types\/product"}],"replies":[{"embeddable":true,"href":"http:\/\/gustavoassisceramicas.com.br\/pt\/wp-json\/wp\/v2\/comments?post=5196"}],"wp:featuredmedia":[{"embeddable":true,"href":"http:\/\/gustavoassisceramicas.com.br\/pt\/wp-json\/wp\/v2\/media\/15725"}],"wp:attachment":[{"href":"http:\/\/gustavoassisceramicas.com.br\/pt\/wp-json\/wp\/v2\/media?parent=5196"}],"wp:term":[{"taxonomy":"product_brand","embeddable":true,"href":"http:\/\/gustavoassisceramicas.com.br\/pt\/wp-json\/wp\/v2\/product_brand?post=5196"},{"taxonomy":"product_cat","embeddable":true,"href":"http:\/\/gustavoassisceramicas.com.br\/pt\/wp-json\/wp\/v2\/product_cat?post=5196"},{"taxonomy":"product_tag","embeddable":true,"href":"http:\/\/gustavoassisceramicas.com.br\/pt\/wp-json\/wp\/v2\/product_tag?post=5196"}],"curies":[{"name":"wp","href":"https:\/\/api.w.org\/{rel}","templated":true}]}}