{"id":5192,"date":"2018-09-12T19:18:13","date_gmt":"2018-09-12T22:18:13","guid":{"rendered":"https:\/\/gustavoassisceramicas.com.br\/?post_type=product&#038;p=5192"},"modified":"2022-07-13T15:25:12","modified_gmt":"2022-07-13T18:25:12","slug":"vaso-vazado","status":"publish","type":"product","link":"http:\/\/gustavoassisceramicas.com.br\/pt\/produto\/vaso-vazado\/","title":{"rendered":"Vaso Vazado"},"content":{"rendered":"","protected":false},"excerpt":{"rendered":"<p>Vaso Vazado<\/p>\n<p>Design exclusivo. Feito \u00e0 m\u00e3o no torno e enquanto a pe\u00e7a estava \u00famida foram retirados peda\u00e7os retangulares. A pe\u00e7a \u00e9 leve e o jogo de sombras e cores real\u00e7a seu formato \u00fanico. Arranjos de flores se real\u00e7am quando postos nesse vaso. Esmalta\u00e7\u00e3o azul queimado em forno \u00e0 g\u00e1s \u00e0 1.100 graus.<\/p>\n<p>Peso Aproximado: 529 g<br \/>\nDimens\u00f5es Aproximadas (Altura x Di\u00e2metro): 14 x 13 cm<\/p>\n","protected":false},"featured_media":14865,"comment_status":"open","ping_status":"closed","template":"","meta":[],"product_brand":[],"product_cat":[176,346],"product_tag":[255,190,186,277],"class_list":{"0":"post-5192","1":"product","2":"type-product","3":"status-publish","4":"has-post-thumbnail","6":"product_cat-decorativas","7":"product_cat-vasos","8":"product_tag-flores","9":"product_tag-planta","10":"product_tag-vaso","11":"product_tag-vazado","13":"first","14":"instock","15":"shipping-taxable","16":"product-type-simple"},"_links":{"self":[{"href":"http:\/\/gustavoassisceramicas.com.br\/pt\/wp-json\/wp\/v2\/product\/5192","targetHints":{"allow":["GET"]}}],"collection":[{"href":"http:\/\/gustavoassisceramicas.com.br\/pt\/wp-json\/wp\/v2\/product"}],"about":[{"href":"http:\/\/gustavoassisceramicas.com.br\/pt\/wp-json\/wp\/v2\/types\/product"}],"replies":[{"embeddable":true,"href":"http:\/\/gustavoassisceramicas.com.br\/pt\/wp-json\/wp\/v2\/comments?post=5192"}],"wp:featuredmedia":[{"embeddable":true,"href":"http:\/\/gustavoassisceramicas.com.br\/pt\/wp-json\/wp\/v2\/media\/14865"}],"wp:attachment":[{"href":"http:\/\/gustavoassisceramicas.com.br\/pt\/wp-json\/wp\/v2\/media?parent=5192"}],"wp:term":[{"taxonomy":"product_brand","embeddable":true,"href":"http:\/\/gustavoassisceramicas.com.br\/pt\/wp-json\/wp\/v2\/product_brand?post=5192"},{"taxonomy":"product_cat","embeddable":true,"href":"http:\/\/gustavoassisceramicas.com.br\/pt\/wp-json\/wp\/v2\/product_cat?post=5192"},{"taxonomy":"product_tag","embeddable":true,"href":"http:\/\/gustavoassisceramicas.com.br\/pt\/wp-json\/wp\/v2\/product_tag?post=5192"}],"curies":[{"name":"wp","href":"https:\/\/api.w.org\/{rel}","templated":true}]}}