{"id":5149,"date":"2018-09-12T16:10:43","date_gmt":"2018-09-12T19:10:43","guid":{"rendered":"https:\/\/gustavoassisceramicas.com.br\/?post_type=product&#038;p=5149"},"modified":"2022-07-13T15:05:56","modified_gmt":"2022-07-13T18:05:56","slug":"pote-pequeno-em-argila-pintada","status":"publish","type":"product","link":"http:\/\/gustavoassisceramicas.com.br\/pt\/produto\/pote-pequeno-em-argila-pintada\/","title":{"rendered":"Potes pequenos em argila pintada"},"content":{"rendered":"","protected":false},"excerpt":{"rendered":"<p>Potes pequenos<\/p>\n<p>Potes em modelos diferentes. Fica bonita na cozinha guardando temperos. Queimada \u00e0 alta temperatura no forno \u00e0 g\u00e1s. Feita \u00e0 m\u00e3o no torno.<\/p>\n<p>Modelo 1<\/p>\n<p>Esmalte transparente sobre engobe branco<\/p>\n<p>Peso m\u00e9dio aproximado: 270 g<br \/>\nDimens\u00f5es m\u00e9dias aproximadas (Altura x Di\u00e2metro): 6 x 7 cm<\/p>\n<p>Modelo 2<\/p>\n<p>Sem esmalte<\/p>\n<p>Peso m\u00e9dio aproximado: 290 g<br \/>\nDimens\u00f5es m\u00e9dias aproximadas (Altura x Di\u00e2metro): 7 x 8,5 cm<\/p>\n","protected":false},"featured_media":15305,"comment_status":"open","ping_status":"closed","template":"","meta":[],"product_brand":[],"product_cat":[238,162],"product_tag":[258,239],"class_list":{"0":"post-5149","1":"product","2":"type-product","3":"status-publish","4":"has-post-thumbnail","6":"product_cat-potes","7":"product_cat-utilitarios","8":"product_tag-pintada","9":"product_tag-pote","11":"first","12":"instock","13":"shipping-taxable","14":"product-type-variable"},"_links":{"self":[{"href":"http:\/\/gustavoassisceramicas.com.br\/pt\/wp-json\/wp\/v2\/product\/5149","targetHints":{"allow":["GET"]}}],"collection":[{"href":"http:\/\/gustavoassisceramicas.com.br\/pt\/wp-json\/wp\/v2\/product"}],"about":[{"href":"http:\/\/gustavoassisceramicas.com.br\/pt\/wp-json\/wp\/v2\/types\/product"}],"replies":[{"embeddable":true,"href":"http:\/\/gustavoassisceramicas.com.br\/pt\/wp-json\/wp\/v2\/comments?post=5149"}],"wp:featuredmedia":[{"embeddable":true,"href":"http:\/\/gustavoassisceramicas.com.br\/pt\/wp-json\/wp\/v2\/media\/15305"}],"wp:attachment":[{"href":"http:\/\/gustavoassisceramicas.com.br\/pt\/wp-json\/wp\/v2\/media?parent=5149"}],"wp:term":[{"taxonomy":"product_brand","embeddable":true,"href":"http:\/\/gustavoassisceramicas.com.br\/pt\/wp-json\/wp\/v2\/product_brand?post=5149"},{"taxonomy":"product_cat","embeddable":true,"href":"http:\/\/gustavoassisceramicas.com.br\/pt\/wp-json\/wp\/v2\/product_cat?post=5149"},{"taxonomy":"product_tag","embeddable":true,"href":"http:\/\/gustavoassisceramicas.com.br\/pt\/wp-json\/wp\/v2\/product_tag?post=5149"}],"curies":[{"name":"wp","href":"https:\/\/api.w.org\/{rel}","templated":true}]}}