{"id":5110,"date":"2018-09-12T12:28:30","date_gmt":"2018-09-12T15:28:30","guid":{"rendered":"https:\/\/gustavoassisceramicas.com.br\/?post_type=product&#038;p=5110"},"modified":"2022-10-29T12:14:58","modified_gmt":"2022-10-29T15:14:58","slug":"potinho-em-sangue-de-boi","status":"publish","type":"product","link":"http:\/\/gustavoassisceramicas.com.br\/pt\/produto\/potinho-em-sangue-de-boi\/","title":{"rendered":"Potinho em Sangue de Boi"},"content":{"rendered":"","protected":false},"excerpt":{"rendered":"<p>Potinho em esmalte sangue de boi<\/p>\n<p>Pe\u00e7a com formato de rodelas esmaltada em sangue de boi e queimada no forno \u00e0 g\u00e1s em alta temperatura. Linda como pe\u00e7a decorativa. Serve como guarda j\u00f3ias ou porta temperos.<\/p>\n<p>Peso aproximado: 422 g<br \/>\nDimens\u00f5es (Altura x Di\u00e2metro): 10 x 8 cm<\/p>\n","protected":false},"featured_media":15969,"comment_status":"open","ping_status":"closed","template":"","meta":[],"product_brand":[],"product_cat":[777,176,238,779],"product_tag":[239,168],"class_list":{"0":"post-5110","1":"product","2":"type-product","3":"status-publish","4":"has-post-thumbnail","6":"product_cat-colecoes","7":"product_cat-decorativas","8":"product_cat-potes","9":"product_cat-sangue-de-boi","10":"product_tag-pote","11":"product_tag-sangue-de-boi","13":"first","14":"instock","15":"shipping-taxable","16":"product-type-simple"},"_links":{"self":[{"href":"http:\/\/gustavoassisceramicas.com.br\/pt\/wp-json\/wp\/v2\/product\/5110","targetHints":{"allow":["GET"]}}],"collection":[{"href":"http:\/\/gustavoassisceramicas.com.br\/pt\/wp-json\/wp\/v2\/product"}],"about":[{"href":"http:\/\/gustavoassisceramicas.com.br\/pt\/wp-json\/wp\/v2\/types\/product"}],"replies":[{"embeddable":true,"href":"http:\/\/gustavoassisceramicas.com.br\/pt\/wp-json\/wp\/v2\/comments?post=5110"}],"wp:featuredmedia":[{"embeddable":true,"href":"http:\/\/gustavoassisceramicas.com.br\/pt\/wp-json\/wp\/v2\/media\/15969"}],"wp:attachment":[{"href":"http:\/\/gustavoassisceramicas.com.br\/pt\/wp-json\/wp\/v2\/media?parent=5110"}],"wp:term":[{"taxonomy":"product_brand","embeddable":true,"href":"http:\/\/gustavoassisceramicas.com.br\/pt\/wp-json\/wp\/v2\/product_brand?post=5110"},{"taxonomy":"product_cat","embeddable":true,"href":"http:\/\/gustavoassisceramicas.com.br\/pt\/wp-json\/wp\/v2\/product_cat?post=5110"},{"taxonomy":"product_tag","embeddable":true,"href":"http:\/\/gustavoassisceramicas.com.br\/pt\/wp-json\/wp\/v2\/product_tag?post=5110"}],"curies":[{"name":"wp","href":"https:\/\/api.w.org\/{rel}","templated":true}]}}