{"id":4832,"date":"2018-08-01T16:41:09","date_gmt":"2018-08-01T19:41:09","guid":{"rendered":"https:\/\/gustavoassisceramicas.com.br\/?post_type=product&#038;p=4832"},"modified":"2022-07-13T14:53:26","modified_gmt":"2022-07-13T17:53:26","slug":"saboneteira-azul","status":"publish","type":"product","link":"http:\/\/gustavoassisceramicas.com.br\/pt\/produto\/saboneteira-azul\/","title":{"rendered":"Saboneteira azul"},"content":{"rendered":"","protected":false},"excerpt":{"rendered":"<p>Saboneteira em esmalta\u00e7\u00e3o azul. Linda saboneteira com furo no meio para n\u00e3o acumular \u00e1gua.<br \/>\nTem tons azuis, verdes e violeta e d\u00e1 um tom pessoal \u00e0 bancada de seu banheiro.<br \/>\nComp\u00f5em muito bem com sabonetes artesanais.<\/p>\n<p>Dimens\u00f5es aproximadas (Altura x Di\u00e2metro): 3 x 13 cm<br \/>\nPeso aproximado: 200 gramas<\/p>\n","protected":false},"featured_media":4835,"comment_status":"open","ping_status":"closed","template":"","meta":[],"product_brand":[],"product_cat":[333,176],"product_tag":[180,181,179,178,254],"class_list":{"0":"post-4832","1":"product","2":"type-product","3":"status-publish","4":"has-post-thumbnail","6":"product_cat-acessorios-banheiro","7":"product_cat-decorativas","8":"product_tag-banheiro","9":"product_tag-banho","10":"product_tag-sabao","11":"product_tag-sabonete","12":"product_tag-saboneteira","14":"first","15":"instock","16":"shipping-taxable","17":"product-type-simple"},"_links":{"self":[{"href":"http:\/\/gustavoassisceramicas.com.br\/pt\/wp-json\/wp\/v2\/product\/4832","targetHints":{"allow":["GET"]}}],"collection":[{"href":"http:\/\/gustavoassisceramicas.com.br\/pt\/wp-json\/wp\/v2\/product"}],"about":[{"href":"http:\/\/gustavoassisceramicas.com.br\/pt\/wp-json\/wp\/v2\/types\/product"}],"replies":[{"embeddable":true,"href":"http:\/\/gustavoassisceramicas.com.br\/pt\/wp-json\/wp\/v2\/comments?post=4832"}],"wp:featuredmedia":[{"embeddable":true,"href":"http:\/\/gustavoassisceramicas.com.br\/pt\/wp-json\/wp\/v2\/media\/4835"}],"wp:attachment":[{"href":"http:\/\/gustavoassisceramicas.com.br\/pt\/wp-json\/wp\/v2\/media?parent=4832"}],"wp:term":[{"taxonomy":"product_brand","embeddable":true,"href":"http:\/\/gustavoassisceramicas.com.br\/pt\/wp-json\/wp\/v2\/product_brand?post=4832"},{"taxonomy":"product_cat","embeddable":true,"href":"http:\/\/gustavoassisceramicas.com.br\/pt\/wp-json\/wp\/v2\/product_cat?post=4832"},{"taxonomy":"product_tag","embeddable":true,"href":"http:\/\/gustavoassisceramicas.com.br\/pt\/wp-json\/wp\/v2\/product_tag?post=4832"}],"curies":[{"name":"wp","href":"https:\/\/api.w.org\/{rel}","templated":true}]}}