{"id":15854,"date":"2022-10-18T10:56:33","date_gmt":"2022-10-18T13:56:33","guid":{"rendered":"https:\/\/gustavoassisceramicas.com.br\/?post_type=product&#038;p=15854"},"modified":"2022-10-29T11:47:02","modified_gmt":"2022-10-29T14:47:02","slug":"tigela-em-terracota-e-fundo-preto","status":"publish","type":"product","link":"http:\/\/gustavoassisceramicas.com.br\/pt\/produto\/tigela-em-terracota-e-fundo-preto\/","title":{"rendered":"Tigela em terracota e fundo preto"},"content":{"rendered":"","protected":false},"excerpt":{"rendered":"<p>Tigela em terracota e fundo preto<\/p>\n<p>Tigela feita no torno com a argila terracota. Por dentro foi aplicado o esmalte tenmoku de cor preta. Por fora n\u00e3o foi usado esmalte, ressaltando a beleza da argila terracota.<\/p>\n<p>\u00d3timo como pe\u00e7a para servir refei\u00e7\u00f5es para jantares especiais.<\/p>\n<p>Pode ser levado ao forno, micro-ondas e m\u00e1quina de lavar-lou\u00e7as.<\/p>\n<p>Peso aprox. 900 gr.<br \/>\nTamanho aprox. 28 cm de di\u00e2metro x 8 cm de altura<\/p>\n","protected":false},"featured_media":15856,"comment_status":"open","ping_status":"closed","template":"","meta":[],"product_brand":[],"product_cat":[777,184,781,162],"product_tag":[341,432,164],"class_list":{"0":"post-15854","1":"product","2":"type-product","3":"status-publish","4":"has-post-thumbnail","6":"product_cat-colecoes","7":"product_cat-pratos","8":"product_cat-terracota","9":"product_cat-utilitarios","10":"product_tag-preto","11":"product_tag-sem-esmalte","12":"product_tag-terracota","14":"first","15":"instock","16":"shipping-taxable","17":"product-type-simple"},"_links":{"self":[{"href":"http:\/\/gustavoassisceramicas.com.br\/pt\/wp-json\/wp\/v2\/product\/15854","targetHints":{"allow":["GET"]}}],"collection":[{"href":"http:\/\/gustavoassisceramicas.com.br\/pt\/wp-json\/wp\/v2\/product"}],"about":[{"href":"http:\/\/gustavoassisceramicas.com.br\/pt\/wp-json\/wp\/v2\/types\/product"}],"replies":[{"embeddable":true,"href":"http:\/\/gustavoassisceramicas.com.br\/pt\/wp-json\/wp\/v2\/comments?post=15854"}],"wp:featuredmedia":[{"embeddable":true,"href":"http:\/\/gustavoassisceramicas.com.br\/pt\/wp-json\/wp\/v2\/media\/15856"}],"wp:attachment":[{"href":"http:\/\/gustavoassisceramicas.com.br\/pt\/wp-json\/wp\/v2\/media?parent=15854"}],"wp:term":[{"taxonomy":"product_brand","embeddable":true,"href":"http:\/\/gustavoassisceramicas.com.br\/pt\/wp-json\/wp\/v2\/product_brand?post=15854"},{"taxonomy":"product_cat","embeddable":true,"href":"http:\/\/gustavoassisceramicas.com.br\/pt\/wp-json\/wp\/v2\/product_cat?post=15854"},{"taxonomy":"product_tag","embeddable":true,"href":"http:\/\/gustavoassisceramicas.com.br\/pt\/wp-json\/wp\/v2\/product_tag?post=15854"}],"curies":[{"name":"wp","href":"https:\/\/api.w.org\/{rel}","templated":true}]}}