{"id":15780,"date":"2022-10-17T09:25:54","date_gmt":"2022-10-17T12:25:54","guid":{"rendered":"https:\/\/gustavoassisceramicas.com.br\/?post_type=product&#038;p=15780"},"modified":"2022-10-29T11:54:20","modified_gmt":"2022-10-29T14:54:20","slug":"vaso-alto-em-terracota-e-engobe-branco","status":"publish","type":"product","link":"http:\/\/gustavoassisceramicas.com.br\/pt\/produto\/vaso-alto-em-terracota-e-engobe-branco\/","title":{"rendered":"Vaso alto em terracota e engobe branco"},"content":{"rendered":"","protected":false},"excerpt":{"rendered":"<p>Vaso em terracota com decora\u00e7\u00e3o em engobe branco<\/p>\n<p>&nbsp;<\/p>\n<p>Vaso alto feito no torno com argila terracota. Sobre ele, foi aplicado com a m\u00e3o o engobe branco que \u00e9 uma massa \u00famida de porcelana.<\/p>\n<p>Por dentro, foi aplicado o esmalte preto e queimado no forno \u00e0 g\u00e1s. Pode ser usado como pe\u00e7a decorativa, como vaso de flores, por exemplo.<\/p>\n<p>&nbsp;<\/p>\n<p>Peso aprox. 800 gr.<\/p>\n<p>Dimens\u00e3o aprox. 10,5 cm de di\u00e2metro x 20 cm de altura<\/p>\n","protected":false},"featured_media":15781,"comment_status":"open","ping_status":"closed","template":"","meta":[],"product_brand":[],"product_cat":[777,176,781,346],"product_tag":[316,164,186],"class_list":{"0":"post-15780","1":"product","2":"type-product","3":"status-publish","4":"has-post-thumbnail","6":"product_cat-colecoes","7":"product_cat-decorativas","8":"product_cat-terracota","9":"product_cat-vasos","10":"product_tag-engobe","11":"product_tag-terracota","12":"product_tag-vaso","14":"first","15":"instock","16":"shipping-taxable","17":"product-type-simple"},"_links":{"self":[{"href":"http:\/\/gustavoassisceramicas.com.br\/pt\/wp-json\/wp\/v2\/product\/15780","targetHints":{"allow":["GET"]}}],"collection":[{"href":"http:\/\/gustavoassisceramicas.com.br\/pt\/wp-json\/wp\/v2\/product"}],"about":[{"href":"http:\/\/gustavoassisceramicas.com.br\/pt\/wp-json\/wp\/v2\/types\/product"}],"replies":[{"embeddable":true,"href":"http:\/\/gustavoassisceramicas.com.br\/pt\/wp-json\/wp\/v2\/comments?post=15780"}],"wp:featuredmedia":[{"embeddable":true,"href":"http:\/\/gustavoassisceramicas.com.br\/pt\/wp-json\/wp\/v2\/media\/15781"}],"wp:attachment":[{"href":"http:\/\/gustavoassisceramicas.com.br\/pt\/wp-json\/wp\/v2\/media?parent=15780"}],"wp:term":[{"taxonomy":"product_brand","embeddable":true,"href":"http:\/\/gustavoassisceramicas.com.br\/pt\/wp-json\/wp\/v2\/product_brand?post=15780"},{"taxonomy":"product_cat","embeddable":true,"href":"http:\/\/gustavoassisceramicas.com.br\/pt\/wp-json\/wp\/v2\/product_cat?post=15780"},{"taxonomy":"product_tag","embeddable":true,"href":"http:\/\/gustavoassisceramicas.com.br\/pt\/wp-json\/wp\/v2\/product_tag?post=15780"}],"curies":[{"name":"wp","href":"https:\/\/api.w.org\/{rel}","templated":true}]}}