{"id":15575,"date":"2022-10-07T17:44:00","date_gmt":"2022-10-07T20:44:00","guid":{"rendered":"https:\/\/gustavoassisceramicas.com.br\/?post_type=product&#038;p=15575"},"modified":"2022-10-29T11:59:33","modified_gmt":"2022-10-29T14:59:33","slug":"pote-com-tampa-em-terracota","status":"publish","type":"product","link":"http:\/\/gustavoassisceramicas.com.br\/pt\/produto\/pote-com-tampa-em-terracota\/","title":{"rendered":"Pote com tampa em Terracota"},"content":{"rendered":"","protected":false},"excerpt":{"rendered":"<p>Pote com Tampa em terracota<\/p>\n<p>Serve como a\u00e7ucareiro, pote de temperos, pimenteira, etc. Queimada \u00e0 alta temperatura no forno \u00e0 g\u00e1s. Feita \u00e0 m\u00e3o no torno.<\/p>\n<p>Feito em argila terracota sem esmalte por fora e esmalte preto (tenmoku) por dentro<\/p>\n<p>Peso m\u00e9dio aproximado: 500 g<br \/>\nDimens\u00f5es m\u00e9dias aproximadas (Altura x Di\u00e2metro): 12 x 11 cm<\/p>\n","protected":false},"featured_media":15712,"comment_status":"open","ping_status":"closed","template":"","meta":[],"product_brand":[],"product_cat":[777,176,238,781],"product_tag":[427,752,239,290,164],"class_list":{"0":"post-15575","1":"product","2":"type-product","3":"status-publish","4":"has-post-thumbnail","6":"product_cat-colecoes","7":"product_cat-decorativas","8":"product_cat-potes","9":"product_cat-terracota","10":"product_tag-acucareiro","11":"product_tag-pimenteira","12":"product_tag-pote","13":"product_tag-tampa","14":"product_tag-terracota","16":"first","17":"instock","18":"shipping-taxable","19":"product-type-simple"},"_links":{"self":[{"href":"http:\/\/gustavoassisceramicas.com.br\/pt\/wp-json\/wp\/v2\/product\/15575","targetHints":{"allow":["GET"]}}],"collection":[{"href":"http:\/\/gustavoassisceramicas.com.br\/pt\/wp-json\/wp\/v2\/product"}],"about":[{"href":"http:\/\/gustavoassisceramicas.com.br\/pt\/wp-json\/wp\/v2\/types\/product"}],"replies":[{"embeddable":true,"href":"http:\/\/gustavoassisceramicas.com.br\/pt\/wp-json\/wp\/v2\/comments?post=15575"}],"wp:featuredmedia":[{"embeddable":true,"href":"http:\/\/gustavoassisceramicas.com.br\/pt\/wp-json\/wp\/v2\/media\/15712"}],"wp:attachment":[{"href":"http:\/\/gustavoassisceramicas.com.br\/pt\/wp-json\/wp\/v2\/media?parent=15575"}],"wp:term":[{"taxonomy":"product_brand","embeddable":true,"href":"http:\/\/gustavoassisceramicas.com.br\/pt\/wp-json\/wp\/v2\/product_brand?post=15575"},{"taxonomy":"product_cat","embeddable":true,"href":"http:\/\/gustavoassisceramicas.com.br\/pt\/wp-json\/wp\/v2\/product_cat?post=15575"},{"taxonomy":"product_tag","embeddable":true,"href":"http:\/\/gustavoassisceramicas.com.br\/pt\/wp-json\/wp\/v2\/product_tag?post=15575"}],"curies":[{"name":"wp","href":"https:\/\/api.w.org\/{rel}","templated":true}]}}