{"id":15533,"date":"2022-10-07T15:57:11","date_gmt":"2022-10-07T18:57:11","guid":{"rendered":"https:\/\/gustavoassisceramicas.com.br\/?post_type=product&#038;p=15533"},"modified":"2024-01-22T14:07:43","modified_gmt":"2024-01-22T17:07:43","slug":"copinho-de-cha-ou-yunomi-em-celadon","status":"publish","type":"product","link":"http:\/\/gustavoassisceramicas.com.br\/pt\/produto\/copinho-de-cha-ou-yunomi-em-celadon\/","title":{"rendered":"Copinho de ch\u00e1 ou yunomi em Celadon"},"content":{"rendered":"","protected":false},"excerpt":{"rendered":"<p>Copinho de ch\u00e1 ou Yunomi<\/p>\n<p>Esse copinho foi moldado no torno com reentr\u00e2ncias para ser mais gostoso de pegar e tamb\u00e9m pela est\u00e9tica. Pode ser usado para apreciar ch\u00e1 ou como copo normal. O nome yunomi vem do japon\u00eas e se traduz por copo de ch\u00e1. \u00c9 normalmente usado no Jap\u00e3o para beber ch\u00e1 informalmente em casa ou em restaurantes, ap\u00f3s as refei\u00e7\u00f5es.<\/p>\n<p>Sua capacidade aproximada \u00e9 de 170 ml em esmalte celadon. Pode-se escolher duas varia\u00e7\u00f5es de cores: verde e bege.<\/p>\n<p>Peso Aproximado: 230 g<br \/>\nTamanho Aproximado: 7 cm de di\u00e2metro x 8,5 cm de altura<\/p>\n","protected":false},"featured_media":15539,"comment_status":"open","ping_status":"closed","template":"","meta":[],"product_brand":[],"product_cat":[778,777,162,182],"product_tag":[429,173,171,167,262,247],"class_list":{"0":"post-15533","1":"product","2":"type-product","3":"status-publish","4":"has-post-thumbnail","6":"product_cat-celadon","7":"product_cat-colecoes","8":"product_cat-utilitarios","9":"product_cat-xicaras-canecas-e-copos","10":"product_tag-bege","11":"product_tag-celadon","12":"product_tag-cha","13":"product_tag-copo","14":"product_tag-verde","15":"product_tag-yunomi","17":"first","18":"instock","19":"shipping-taxable","20":"product-type-variable"},"_links":{"self":[{"href":"http:\/\/gustavoassisceramicas.com.br\/pt\/wp-json\/wp\/v2\/product\/15533","targetHints":{"allow":["GET"]}}],"collection":[{"href":"http:\/\/gustavoassisceramicas.com.br\/pt\/wp-json\/wp\/v2\/product"}],"about":[{"href":"http:\/\/gustavoassisceramicas.com.br\/pt\/wp-json\/wp\/v2\/types\/product"}],"replies":[{"embeddable":true,"href":"http:\/\/gustavoassisceramicas.com.br\/pt\/wp-json\/wp\/v2\/comments?post=15533"}],"wp:featuredmedia":[{"embeddable":true,"href":"http:\/\/gustavoassisceramicas.com.br\/pt\/wp-json\/wp\/v2\/media\/15539"}],"wp:attachment":[{"href":"http:\/\/gustavoassisceramicas.com.br\/pt\/wp-json\/wp\/v2\/media?parent=15533"}],"wp:term":[{"taxonomy":"product_brand","embeddable":true,"href":"http:\/\/gustavoassisceramicas.com.br\/pt\/wp-json\/wp\/v2\/product_brand?post=15533"},{"taxonomy":"product_cat","embeddable":true,"href":"http:\/\/gustavoassisceramicas.com.br\/pt\/wp-json\/wp\/v2\/product_cat?post=15533"},{"taxonomy":"product_tag","embeddable":true,"href":"http:\/\/gustavoassisceramicas.com.br\/pt\/wp-json\/wp\/v2\/product_tag?post=15533"}],"curies":[{"name":"wp","href":"https:\/\/api.w.org\/{rel}","templated":true}]}}