{"id":15239,"date":"2021-11-30T15:23:36","date_gmt":"2021-11-30T18:23:36","guid":{"rendered":"https:\/\/gustavoassisceramicas.com.br\/?post_type=product&#038;p=15239"},"modified":"2022-11-15T12:59:39","modified_gmt":"2022-11-15T15:59:39","slug":"xicara-de-cha-em-terracota-e-esmalte-branco","status":"publish","type":"product","link":"http:\/\/gustavoassisceramicas.com.br\/pt\/produto\/xicara-de-cha-em-terracota-e-esmalte-branco\/","title":{"rendered":"X\u00edcara de ch\u00e1 em terracota e esmalte branco"},"content":{"rendered":"","protected":false},"excerpt":{"rendered":"<p>X\u00edcara de ch\u00e1<\/p>\n<p>Pe\u00e7a feita no torno em argila terracota e esmaltada preto por dentro e esmalte branco por fora. Queimado em forno \u00e0 g\u00e1s em alta temperatura.<\/p>\n<p>N\u00e3o acompanha pratinho.<\/p>\n<p>Peso Aproximado Total: 350 g<br \/>\nDimens\u00f5es Aproximadas (Altura x Di\u00e2metro) x\u00edcara: 6 x 11 cm<\/p>\n","protected":false},"featured_media":15859,"comment_status":"open","ping_status":"closed","template":"","meta":[],"product_brand":[],"product_cat":[777,781,162,182],"product_tag":[273,171,274,275,169],"class_list":{"0":"post-15239","1":"product","2":"type-product","3":"status-publish","4":"has-post-thumbnail","6":"product_cat-colecoes","7":"product_cat-terracota","8":"product_cat-utilitarios","9":"product_cat-xicaras-canecas-e-copos","10":"product_tag-cafe-com-leite","11":"product_tag-cha","12":"product_tag-fazenda","13":"product_tag-rustico","14":"product_tag-xicara","16":"first","17":"instock","18":"shipping-taxable","19":"product-type-variable"},"_links":{"self":[{"href":"http:\/\/gustavoassisceramicas.com.br\/pt\/wp-json\/wp\/v2\/product\/15239","targetHints":{"allow":["GET"]}}],"collection":[{"href":"http:\/\/gustavoassisceramicas.com.br\/pt\/wp-json\/wp\/v2\/product"}],"about":[{"href":"http:\/\/gustavoassisceramicas.com.br\/pt\/wp-json\/wp\/v2\/types\/product"}],"replies":[{"embeddable":true,"href":"http:\/\/gustavoassisceramicas.com.br\/pt\/wp-json\/wp\/v2\/comments?post=15239"}],"wp:featuredmedia":[{"embeddable":true,"href":"http:\/\/gustavoassisceramicas.com.br\/pt\/wp-json\/wp\/v2\/media\/15859"}],"wp:attachment":[{"href":"http:\/\/gustavoassisceramicas.com.br\/pt\/wp-json\/wp\/v2\/media?parent=15239"}],"wp:term":[{"taxonomy":"product_brand","embeddable":true,"href":"http:\/\/gustavoassisceramicas.com.br\/pt\/wp-json\/wp\/v2\/product_brand?post=15239"},{"taxonomy":"product_cat","embeddable":true,"href":"http:\/\/gustavoassisceramicas.com.br\/pt\/wp-json\/wp\/v2\/product_cat?post=15239"},{"taxonomy":"product_tag","embeddable":true,"href":"http:\/\/gustavoassisceramicas.com.br\/pt\/wp-json\/wp\/v2\/product_tag?post=15239"}],"curies":[{"name":"wp","href":"https:\/\/api.w.org\/{rel}","templated":true}]}}