{"id":14949,"date":"2021-11-25T15:14:27","date_gmt":"2021-11-25T18:14:27","guid":{"rendered":"https:\/\/gustavoassisceramicas.com.br\/?post_type=product&#038;p=14949"},"modified":"2022-07-13T15:15:48","modified_gmt":"2022-07-13T18:15:48","slug":"xicara-em-majolica-e-desenho-azul-2","status":"publish","type":"product","link":"http:\/\/gustavoassisceramicas.com.br\/pt\/produto\/xicara-em-majolica-e-desenho-azul-2\/","title":{"rendered":"X\u00edcara em Maj\u00f3lica e desenho azul"},"content":{"rendered":"","protected":false},"excerpt":{"rendered":"<p>X\u00edcara com desenho em azul esmaltado em branco por fora e azul por dentro.<\/p>\n<p>Produto queimado no forno \u00e0 g\u00e1s at\u00e9 1.050\u00ba C<\/p>\n<p>Dimens\u00f5es aprox. di\u00e2metro x altura (8 x 7 cm)<\/p>\n<p>Peso m\u00e9dio: 160 gr<\/p>\n","protected":false},"featured_media":14954,"comment_status":"open","ping_status":"closed","template":"","meta":[],"product_brand":[],"product_cat":[162,182],"product_tag":[240,305,304],"class_list":{"0":"post-14949","1":"product","2":"type-product","3":"status-publish","4":"has-post-thumbnail","6":"product_cat-utilitarios","7":"product_cat-xicaras-canecas-e-copos","8":"product_tag-azul","9":"product_tag-desenho","10":"product_tag-majolica","12":"first","13":"instock","14":"shipping-taxable","15":"product-type-simple"},"_links":{"self":[{"href":"http:\/\/gustavoassisceramicas.com.br\/pt\/wp-json\/wp\/v2\/product\/14949","targetHints":{"allow":["GET"]}}],"collection":[{"href":"http:\/\/gustavoassisceramicas.com.br\/pt\/wp-json\/wp\/v2\/product"}],"about":[{"href":"http:\/\/gustavoassisceramicas.com.br\/pt\/wp-json\/wp\/v2\/types\/product"}],"replies":[{"embeddable":true,"href":"http:\/\/gustavoassisceramicas.com.br\/pt\/wp-json\/wp\/v2\/comments?post=14949"}],"wp:featuredmedia":[{"embeddable":true,"href":"http:\/\/gustavoassisceramicas.com.br\/pt\/wp-json\/wp\/v2\/media\/14954"}],"wp:attachment":[{"href":"http:\/\/gustavoassisceramicas.com.br\/pt\/wp-json\/wp\/v2\/media?parent=14949"}],"wp:term":[{"taxonomy":"product_brand","embeddable":true,"href":"http:\/\/gustavoassisceramicas.com.br\/pt\/wp-json\/wp\/v2\/product_brand?post=14949"},{"taxonomy":"product_cat","embeddable":true,"href":"http:\/\/gustavoassisceramicas.com.br\/pt\/wp-json\/wp\/v2\/product_cat?post=14949"},{"taxonomy":"product_tag","embeddable":true,"href":"http:\/\/gustavoassisceramicas.com.br\/pt\/wp-json\/wp\/v2\/product_tag?post=14949"}],"curies":[{"name":"wp","href":"https:\/\/api.w.org\/{rel}","templated":true}]}}