{"id":14762,"date":"2021-11-24T14:59:55","date_gmt":"2021-11-24T17:59:55","guid":{"rendered":"https:\/\/gustavoassisceramicas.com.br\/?post_type=product&#038;p=14762"},"modified":"2024-01-02T18:17:47","modified_gmt":"2024-01-02T21:17:47","slug":"tigela-pequena-ou-chawan-em-terracota","status":"publish","type":"product","link":"http:\/\/gustavoassisceramicas.com.br\/pt\/produto\/tigela-pequena-ou-chawan-em-terracota\/","title":{"rendered":"Tigela Pequena ou Chawan em terracota"},"content":{"rendered":"","protected":false},"excerpt":{"rendered":"<p>Tigela pequena ou Chawan<\/p>\n<p>No Jap\u00e3o, ela \u00e9 chamada de chawan e normalmente \u00e9 usada para se tomar ch\u00e1 ou para servir arroz. Al\u00e9m desses usos, ela serve como um bowl pequeno. Esta tigela foi feita no torno e queimada em forno \u00e0 g\u00e1s. O interior recebeu esmalte preto e por fora n\u00e3o foi aplicado o esmalte, ressaltando a beleza natural da argila terracota. As varia\u00e7\u00f5es s\u00e3o por conta do formato da pe\u00e7a.<\/p>\n<p>Peso m\u00e9dio aproximado: 260 g<br \/>\nDimens\u00f5es m\u00e9dias aproximadas: di\u00e2metro 10 cm x altura 9 cm<\/p>\n","protected":false},"featured_media":15701,"comment_status":"open","ping_status":"closed","template":"","meta":[],"product_brand":[],"product_cat":[777,184,781,162],"product_tag":[754,171,401,191],"class_list":{"0":"post-14762","1":"product","2":"type-product","3":"status-publish","4":"has-post-thumbnail","6":"product_cat-colecoes","7":"product_cat-pratos","8":"product_cat-terracota","9":"product_cat-utilitarios","10":"product_tag-cerimonia","11":"product_tag-cha","12":"product_tag-chawan","13":"product_tag-tigela","15":"first","16":"instock","17":"shipping-taxable","18":"product-type-variable"},"_links":{"self":[{"href":"http:\/\/gustavoassisceramicas.com.br\/pt\/wp-json\/wp\/v2\/product\/14762","targetHints":{"allow":["GET"]}}],"collection":[{"href":"http:\/\/gustavoassisceramicas.com.br\/pt\/wp-json\/wp\/v2\/product"}],"about":[{"href":"http:\/\/gustavoassisceramicas.com.br\/pt\/wp-json\/wp\/v2\/types\/product"}],"replies":[{"embeddable":true,"href":"http:\/\/gustavoassisceramicas.com.br\/pt\/wp-json\/wp\/v2\/comments?post=14762"}],"wp:featuredmedia":[{"embeddable":true,"href":"http:\/\/gustavoassisceramicas.com.br\/pt\/wp-json\/wp\/v2\/media\/15701"}],"wp:attachment":[{"href":"http:\/\/gustavoassisceramicas.com.br\/pt\/wp-json\/wp\/v2\/media?parent=14762"}],"wp:term":[{"taxonomy":"product_brand","embeddable":true,"href":"http:\/\/gustavoassisceramicas.com.br\/pt\/wp-json\/wp\/v2\/product_brand?post=14762"},{"taxonomy":"product_cat","embeddable":true,"href":"http:\/\/gustavoassisceramicas.com.br\/pt\/wp-json\/wp\/v2\/product_cat?post=14762"},{"taxonomy":"product_tag","embeddable":true,"href":"http:\/\/gustavoassisceramicas.com.br\/pt\/wp-json\/wp\/v2\/product_tag?post=14762"}],"curies":[{"name":"wp","href":"https:\/\/api.w.org\/{rel}","templated":true}]}}