{"id":13614,"date":"2021-09-13T14:22:23","date_gmt":"2021-09-13T17:22:23","guid":{"rendered":"https:\/\/gustavoassisceramicas.com.br\/?post_type=product&#038;p=13614"},"modified":"2023-12-04T17:56:47","modified_gmt":"2023-12-04T20:56:47","slug":"conjunto-de-bule-e-copos-de-cha-em-tenmoku","status":"publish","type":"product","link":"http:\/\/gustavoassisceramicas.com.br\/pt\/produto\/conjunto-de-bule-e-copos-de-cha-em-tenmoku\/","title":{"rendered":"Conjunto de bule e copos de ch\u00e1 em tenmoku"},"content":{"rendered":"","protected":false},"excerpt":{"rendered":"<p>Conjunto de Bule e Copos de Ch\u00e1<\/p>\n<p>Conjunto feito no torno com 2 copos de ch\u00e1 (yunomi) e um bule com al\u00e7a feitos em argila e queimados no forno \u00e0 g\u00e1s e esmalte preto (tenmoku).<\/p>\n<p>&nbsp;<\/p>\n<p>Peso aproximado do bule: 950 g<\/p>\n<p>Peso aproximado do copo: 200 g<\/p>\n<p>Tamanho aproximado do bule: 27 cm altura x 20 prof. x 16 cm de larg.<\/p>\n<p>Tamanho aproximado do copo: 9,5 cm de altura x 7 cm de di\u00e2metro<\/p>\n","protected":false},"featured_media":15889,"comment_status":"open","ping_status":"closed","template":"","meta":[],"product_brand":[],"product_cat":[242,777,791,162],"product_tag":[171,419,453,174,247],"class_list":{"0":"post-13614","1":"product","2":"type-product","3":"status-publish","4":"has-post-thumbnail","6":"product_cat-bules","7":"product_cat-colecoes","8":"product_cat-tenmoku","9":"product_cat-utilitarios","10":"product_tag-cha","11":"product_tag-conjunto","12":"product_tag-copos","13":"product_tag-tenmoku","14":"product_tag-yunomi","16":"first","17":"instock","18":"shipping-taxable","19":"product-type-simple"},"_links":{"self":[{"href":"http:\/\/gustavoassisceramicas.com.br\/pt\/wp-json\/wp\/v2\/product\/13614","targetHints":{"allow":["GET"]}}],"collection":[{"href":"http:\/\/gustavoassisceramicas.com.br\/pt\/wp-json\/wp\/v2\/product"}],"about":[{"href":"http:\/\/gustavoassisceramicas.com.br\/pt\/wp-json\/wp\/v2\/types\/product"}],"replies":[{"embeddable":true,"href":"http:\/\/gustavoassisceramicas.com.br\/pt\/wp-json\/wp\/v2\/comments?post=13614"}],"wp:featuredmedia":[{"embeddable":true,"href":"http:\/\/gustavoassisceramicas.com.br\/pt\/wp-json\/wp\/v2\/media\/15889"}],"wp:attachment":[{"href":"http:\/\/gustavoassisceramicas.com.br\/pt\/wp-json\/wp\/v2\/media?parent=13614"}],"wp:term":[{"taxonomy":"product_brand","embeddable":true,"href":"http:\/\/gustavoassisceramicas.com.br\/pt\/wp-json\/wp\/v2\/product_brand?post=13614"},{"taxonomy":"product_cat","embeddable":true,"href":"http:\/\/gustavoassisceramicas.com.br\/pt\/wp-json\/wp\/v2\/product_cat?post=13614"},{"taxonomy":"product_tag","embeddable":true,"href":"http:\/\/gustavoassisceramicas.com.br\/pt\/wp-json\/wp\/v2\/product_tag?post=13614"}],"curies":[{"name":"wp","href":"https:\/\/api.w.org\/{rel}","templated":true}]}}