{"id":13572,"date":"2021-07-25T18:00:53","date_gmt":"2021-07-25T21:00:53","guid":{"rendered":"https:\/\/gustavoassisceramicas.com.br\/?post_type=product&#038;p=13572"},"modified":"2023-12-04T17:54:30","modified_gmt":"2023-12-04T20:54:30","slug":"fruteira-grande-em-terracota","status":"publish","type":"product","link":"http:\/\/gustavoassisceramicas.com.br\/pt\/produto\/fruteira-grande-em-terracota\/","title":{"rendered":"Fruteira grande em terracota"},"content":{"rendered":"","protected":false},"excerpt":{"rendered":"<p>Fruteira feita em argila terracota no torno. Ela n\u00e3o recebeu esmalte para mostrar a beleza da argila terracota na queima \u00e0 g\u00e1s.<\/p>\n<p>Design exclusivo;<\/p>\n<p>Peso Aprox. 2 Kg<br \/>\nTamanho Aprox. 29 cm di\u00e2metro x 18,5 cm de altura<\/p>\n","protected":false},"featured_media":15763,"comment_status":"open","ping_status":"closed","template":"","meta":[],"product_brand":[],"product_cat":[777,176,447,781],"product_tag":[436,448,164],"class_list":{"0":"post-13572","1":"product","2":"type-product","3":"status-publish","4":"has-post-thumbnail","6":"product_cat-colecoes","7":"product_cat-decorativas","8":"product_cat-fruteiras","9":"product_cat-terracota","10":"product_tag-fruteira","11":"product_tag-grande","12":"product_tag-terracota","14":"first","15":"instock","16":"shipping-taxable","17":"product-type-simple"},"_links":{"self":[{"href":"http:\/\/gustavoassisceramicas.com.br\/pt\/wp-json\/wp\/v2\/product\/13572","targetHints":{"allow":["GET"]}}],"collection":[{"href":"http:\/\/gustavoassisceramicas.com.br\/pt\/wp-json\/wp\/v2\/product"}],"about":[{"href":"http:\/\/gustavoassisceramicas.com.br\/pt\/wp-json\/wp\/v2\/types\/product"}],"replies":[{"embeddable":true,"href":"http:\/\/gustavoassisceramicas.com.br\/pt\/wp-json\/wp\/v2\/comments?post=13572"}],"wp:featuredmedia":[{"embeddable":true,"href":"http:\/\/gustavoassisceramicas.com.br\/pt\/wp-json\/wp\/v2\/media\/15763"}],"wp:attachment":[{"href":"http:\/\/gustavoassisceramicas.com.br\/pt\/wp-json\/wp\/v2\/media?parent=13572"}],"wp:term":[{"taxonomy":"product_brand","embeddable":true,"href":"http:\/\/gustavoassisceramicas.com.br\/pt\/wp-json\/wp\/v2\/product_brand?post=13572"},{"taxonomy":"product_cat","embeddable":true,"href":"http:\/\/gustavoassisceramicas.com.br\/pt\/wp-json\/wp\/v2\/product_cat?post=13572"},{"taxonomy":"product_tag","embeddable":true,"href":"http:\/\/gustavoassisceramicas.com.br\/pt\/wp-json\/wp\/v2\/product_tag?post=13572"}],"curies":[{"name":"wp","href":"https:\/\/api.w.org\/{rel}","templated":true}]}}