{"id":13543,"date":"2021-07-23T17:50:43","date_gmt":"2021-07-23T20:50:43","guid":{"rendered":"https:\/\/gustavoassisceramicas.com.br\/?post_type=product&#038;p=13543"},"modified":"2022-07-13T15:17:03","modified_gmt":"2022-07-13T18:17:03","slug":"pote-bege","status":"publish","type":"product","link":"http:\/\/gustavoassisceramicas.com.br\/pt\/produto\/pote-bege\/","title":{"rendered":"Pote bege"},"content":{"rendered":"","protected":false},"excerpt":{"rendered":"<p>Pote bege<\/p>\n<p>Pote feito no torno. Foi usado \u00f3xido de ferro com o pincel para aplicar uma listra perto da aba da pe\u00e7a. Esmalta\u00e7\u00e3o transparente por dentro e por fora.<\/p>\n<p>Pode ser levado ao micro-ondas e m\u00e1quina de lavar lou\u00e7as.<\/p>\n<p>Peso aprox. 400 gr<br \/>\nTamanho aprox. 8 cm de altura x 9,5 de di\u00e2metro<\/p>\n","protected":false},"featured_media":13544,"comment_status":"open","ping_status":"closed","template":"","meta":[],"product_brand":[],"product_cat":[162,182],"product_tag":[429,239],"class_list":{"0":"post-13543","1":"product","2":"type-product","3":"status-publish","4":"has-post-thumbnail","6":"product_cat-utilitarios","7":"product_cat-xicaras-canecas-e-copos","8":"product_tag-bege","9":"product_tag-pote","11":"first","12":"instock","13":"shipping-taxable","14":"product-type-simple"},"_links":{"self":[{"href":"http:\/\/gustavoassisceramicas.com.br\/pt\/wp-json\/wp\/v2\/product\/13543","targetHints":{"allow":["GET"]}}],"collection":[{"href":"http:\/\/gustavoassisceramicas.com.br\/pt\/wp-json\/wp\/v2\/product"}],"about":[{"href":"http:\/\/gustavoassisceramicas.com.br\/pt\/wp-json\/wp\/v2\/types\/product"}],"replies":[{"embeddable":true,"href":"http:\/\/gustavoassisceramicas.com.br\/pt\/wp-json\/wp\/v2\/comments?post=13543"}],"wp:featuredmedia":[{"embeddable":true,"href":"http:\/\/gustavoassisceramicas.com.br\/pt\/wp-json\/wp\/v2\/media\/13544"}],"wp:attachment":[{"href":"http:\/\/gustavoassisceramicas.com.br\/pt\/wp-json\/wp\/v2\/media?parent=13543"}],"wp:term":[{"taxonomy":"product_brand","embeddable":true,"href":"http:\/\/gustavoassisceramicas.com.br\/pt\/wp-json\/wp\/v2\/product_brand?post=13543"},{"taxonomy":"product_cat","embeddable":true,"href":"http:\/\/gustavoassisceramicas.com.br\/pt\/wp-json\/wp\/v2\/product_cat?post=13543"},{"taxonomy":"product_tag","embeddable":true,"href":"http:\/\/gustavoassisceramicas.com.br\/pt\/wp-json\/wp\/v2\/product_tag?post=13543"}],"curies":[{"name":"wp","href":"https:\/\/api.w.org\/{rel}","templated":true}]}}