{"id":13537,"date":"2021-07-23T17:11:30","date_gmt":"2021-07-23T20:11:30","guid":{"rendered":"https:\/\/gustavoassisceramicas.com.br\/?post_type=product&#038;p=13537"},"modified":"2022-10-29T12:03:18","modified_gmt":"2022-10-29T15:03:18","slug":"copo-com-parede-dupla-em-terracota","status":"publish","type":"product","link":"http:\/\/gustavoassisceramicas.com.br\/pt\/produto\/copo-com-parede-dupla-em-terracota\/","title":{"rendered":"Cuia coquinho em terracota"},"content":{"rendered":"","protected":false},"excerpt":{"rendered":"<p>Cuia coquinho<\/p>\n<p>Copo com paredes duplas feito no torno e esmalte preto (tenmoku). Pode ter parede dupla, pode ser servido de l\u00edquido quente e n\u00e3o queima as m\u00e3os. Al\u00e9m disso, os l\u00edquidos mant\u00e9m a temperatura por mais tempo. Queimado em forno \u00e0 g\u00e1s em alta temperatura. Pode ser usado como cuia pequena para chimarr\u00e3o (cuia coquinho uruguaia).<\/p>\n<p>Capacidade interna aproximada de 100 ml<\/p>\n<p>Peso aproximado: 420 g<br \/>\nTamanho aproximado: (Altura x Di\u00e2metro) 9 x 8 cm<\/p>\n","protected":false},"featured_media":15718,"comment_status":"open","ping_status":"closed","template":"","meta":[],"product_brand":[],"product_cat":[777,781,162,182],"product_tag":[452,167,451,164],"class_list":{"0":"post-13537","1":"product","2":"type-product","3":"status-publish","4":"has-post-thumbnail","6":"product_cat-colecoes","7":"product_cat-terracota","8":"product_cat-utilitarios","9":"product_cat-xicaras-canecas-e-copos","10":"product_tag-chimarrao","11":"product_tag-copo","12":"product_tag-cuia","13":"product_tag-terracota","15":"first","16":"instock","17":"shipping-taxable","18":"product-type-simple"},"_links":{"self":[{"href":"http:\/\/gustavoassisceramicas.com.br\/pt\/wp-json\/wp\/v2\/product\/13537","targetHints":{"allow":["GET"]}}],"collection":[{"href":"http:\/\/gustavoassisceramicas.com.br\/pt\/wp-json\/wp\/v2\/product"}],"about":[{"href":"http:\/\/gustavoassisceramicas.com.br\/pt\/wp-json\/wp\/v2\/types\/product"}],"replies":[{"embeddable":true,"href":"http:\/\/gustavoassisceramicas.com.br\/pt\/wp-json\/wp\/v2\/comments?post=13537"}],"wp:featuredmedia":[{"embeddable":true,"href":"http:\/\/gustavoassisceramicas.com.br\/pt\/wp-json\/wp\/v2\/media\/15718"}],"wp:attachment":[{"href":"http:\/\/gustavoassisceramicas.com.br\/pt\/wp-json\/wp\/v2\/media?parent=13537"}],"wp:term":[{"taxonomy":"product_brand","embeddable":true,"href":"http:\/\/gustavoassisceramicas.com.br\/pt\/wp-json\/wp\/v2\/product_brand?post=13537"},{"taxonomy":"product_cat","embeddable":true,"href":"http:\/\/gustavoassisceramicas.com.br\/pt\/wp-json\/wp\/v2\/product_cat?post=13537"},{"taxonomy":"product_tag","embeddable":true,"href":"http:\/\/gustavoassisceramicas.com.br\/pt\/wp-json\/wp\/v2\/product_tag?post=13537"}],"curies":[{"name":"wp","href":"https:\/\/api.w.org\/{rel}","templated":true}]}}