{"id":13524,"date":"2021-07-23T14:21:09","date_gmt":"2021-07-23T17:21:09","guid":{"rendered":"https:\/\/gustavoassisceramicas.com.br\/?post_type=product&#038;p=13524"},"modified":"2022-07-13T15:03:39","modified_gmt":"2022-07-13T18:03:39","slug":"conjunto-de-apoio-de-hashi-hashi-oki","status":"publish","type":"product","link":"http:\/\/gustavoassisceramicas.com.br\/pt\/produto\/conjunto-de-apoio-de-hashi-hashi-oki\/","title":{"rendered":"Conjunto de apoio de hashi (hashi-oki)"},"content":{"rendered":"","protected":false},"excerpt":{"rendered":"<p>Conjunto de apoio para hashi<\/p>\n<p>Pe\u00e7as feitas por placa em argila faian\u00e7a com esmalte que varia desde o verde at\u00e9 o vinho amarronzado. Para apoio ao hashi usado na comida oriental.<br \/>\nAcompanha 4 unidades. N\u00e3o incluem os hashis.<\/p>\n<p>Peso Aproximado (unidade) 9 gr<br \/>\nTamanho Aprox. (unidade) 4 cm de compr. x 2 cm larg. x 0,8 cm de altura<\/p>\n","protected":false},"featured_media":14901,"comment_status":"open","ping_status":"closed","template":"","meta":[],"product_brand":[],"product_cat":[757,162],"product_tag":[442,443,444,445],"class_list":{"0":"post-13524","1":"product","2":"type-product","3":"status-publish","4":"has-post-thumbnail","6":"product_cat-acessorios","7":"product_cat-utilitarios","8":"product_tag-hashi","9":"product_tag-hashi-oki","10":"product_tag-japonesa","11":"product_tag-palito","13":"first","14":"instock","15":"shipping-taxable","16":"product-type-simple"},"_links":{"self":[{"href":"http:\/\/gustavoassisceramicas.com.br\/pt\/wp-json\/wp\/v2\/product\/13524","targetHints":{"allow":["GET"]}}],"collection":[{"href":"http:\/\/gustavoassisceramicas.com.br\/pt\/wp-json\/wp\/v2\/product"}],"about":[{"href":"http:\/\/gustavoassisceramicas.com.br\/pt\/wp-json\/wp\/v2\/types\/product"}],"replies":[{"embeddable":true,"href":"http:\/\/gustavoassisceramicas.com.br\/pt\/wp-json\/wp\/v2\/comments?post=13524"}],"wp:featuredmedia":[{"embeddable":true,"href":"http:\/\/gustavoassisceramicas.com.br\/pt\/wp-json\/wp\/v2\/media\/14901"}],"wp:attachment":[{"href":"http:\/\/gustavoassisceramicas.com.br\/pt\/wp-json\/wp\/v2\/media?parent=13524"}],"wp:term":[{"taxonomy":"product_brand","embeddable":true,"href":"http:\/\/gustavoassisceramicas.com.br\/pt\/wp-json\/wp\/v2\/product_brand?post=13524"},{"taxonomy":"product_cat","embeddable":true,"href":"http:\/\/gustavoassisceramicas.com.br\/pt\/wp-json\/wp\/v2\/product_cat?post=13524"},{"taxonomy":"product_tag","embeddable":true,"href":"http:\/\/gustavoassisceramicas.com.br\/pt\/wp-json\/wp\/v2\/product_tag?post=13524"}],"curies":[{"name":"wp","href":"https:\/\/api.w.org\/{rel}","templated":true}]}}