{"id":13462,"date":"2021-07-22T16:53:19","date_gmt":"2021-07-22T19:53:19","guid":{"rendered":"https:\/\/gustavoassisceramicas.com.br\/?post_type=product&#038;p=13462"},"modified":"2022-10-29T12:04:31","modified_gmt":"2022-10-29T15:04:31","slug":"tigela-media-em-terracota-com-fundo-verde","status":"publish","type":"product","link":"http:\/\/gustavoassisceramicas.com.br\/pt\/produto\/tigela-media-em-terracota-com-fundo-verde\/","title":{"rendered":"Tigela M\u00e9dia em terracota com fundo verde"},"content":{"rendered":"","protected":false},"excerpt":{"rendered":"<p>Tigela M\u00e9dia em Celadon<\/p>\n<p>Tigela torneada \u00e0 m\u00e3o em argila terracota. Por fora n\u00e3o foi aplicado esmalte, mostrando a beleza da argila. Por dentro, foi aplicado engobe verde e esmalte amarelo no centro.<\/p>\n<p>Pode ser levado ao micro-ondas e m\u00e1quina de lavar-lou\u00e7as.<\/p>\n<p>Peso Aprox.: 450 gr.<br \/>\nTamanho Aprox.: 17 cm de di\u00e2metro x 8 cm de altura<\/p>\n","protected":false},"featured_media":13465,"comment_status":"open","ping_status":"closed","template":"","meta":[],"product_brand":[],"product_cat":[777,184,781,162],"product_tag":[192,164,191,262],"class_list":{"0":"post-13462","1":"product","2":"type-product","3":"status-publish","4":"has-post-thumbnail","6":"product_cat-colecoes","7":"product_cat-pratos","8":"product_cat-terracota","9":"product_cat-utilitarios","10":"product_tag-bowl","11":"product_tag-terracota","12":"product_tag-tigela","13":"product_tag-verde","15":"first","16":"instock","17":"shipping-taxable","18":"product-type-simple"},"_links":{"self":[{"href":"http:\/\/gustavoassisceramicas.com.br\/pt\/wp-json\/wp\/v2\/product\/13462","targetHints":{"allow":["GET"]}}],"collection":[{"href":"http:\/\/gustavoassisceramicas.com.br\/pt\/wp-json\/wp\/v2\/product"}],"about":[{"href":"http:\/\/gustavoassisceramicas.com.br\/pt\/wp-json\/wp\/v2\/types\/product"}],"replies":[{"embeddable":true,"href":"http:\/\/gustavoassisceramicas.com.br\/pt\/wp-json\/wp\/v2\/comments?post=13462"}],"wp:featuredmedia":[{"embeddable":true,"href":"http:\/\/gustavoassisceramicas.com.br\/pt\/wp-json\/wp\/v2\/media\/13465"}],"wp:attachment":[{"href":"http:\/\/gustavoassisceramicas.com.br\/pt\/wp-json\/wp\/v2\/media?parent=13462"}],"wp:term":[{"taxonomy":"product_brand","embeddable":true,"href":"http:\/\/gustavoassisceramicas.com.br\/pt\/wp-json\/wp\/v2\/product_brand?post=13462"},{"taxonomy":"product_cat","embeddable":true,"href":"http:\/\/gustavoassisceramicas.com.br\/pt\/wp-json\/wp\/v2\/product_cat?post=13462"},{"taxonomy":"product_tag","embeddable":true,"href":"http:\/\/gustavoassisceramicas.com.br\/pt\/wp-json\/wp\/v2\/product_tag?post=13462"}],"curies":[{"name":"wp","href":"https:\/\/api.w.org\/{rel}","templated":true}]}}