{"id":13443,"date":"2021-07-22T13:33:15","date_gmt":"2021-07-22T16:33:15","guid":{"rendered":"https:\/\/gustavoassisceramicas.com.br\/?post_type=product&#038;p=13443"},"modified":"2022-07-13T14:54:05","modified_gmt":"2022-07-13T17:54:05","slug":"pimentao-de-ceramica","status":"publish","type":"product","link":"http:\/\/gustavoassisceramicas.com.br\/pt\/produto\/pimentao-de-ceramica\/","title":{"rendered":"Piment\u00e3o de cer\u00e2mica"},"content":{"rendered":"","protected":false},"excerpt":{"rendered":"<p>Piment\u00e3o de cer\u00e2mica<\/p>\n<p>Piment\u00e3o feito com molde de gesso e depois foi despejada argila l\u00edquida. A pe\u00e7a recebeu um esmalte \u00e0 base de cobre que deu essa colora\u00e7\u00e3o verde com manchas vermelhas.<\/p>\n<p>Pe\u00e7a decorativa.<\/p>\n<p>Peso Aprox. 200 g<br \/>\nTamanho Aprox. 9 cm de altura x 8 cm de di\u00e2metro<\/p>\n","protected":false},"featured_media":13445,"comment_status":"open","ping_status":"closed","template":"","meta":[],"product_brand":[],"product_cat":[176,437],"product_tag":[438,262],"class_list":{"0":"post-13443","1":"product","2":"type-product","3":"status-publish","4":"has-post-thumbnail","6":"product_cat-decorativas","7":"product_cat-escultura","8":"product_tag-pimentao","9":"product_tag-verde","11":"first","12":"instock","13":"shipping-taxable","14":"product-type-simple"},"_links":{"self":[{"href":"http:\/\/gustavoassisceramicas.com.br\/pt\/wp-json\/wp\/v2\/product\/13443","targetHints":{"allow":["GET"]}}],"collection":[{"href":"http:\/\/gustavoassisceramicas.com.br\/pt\/wp-json\/wp\/v2\/product"}],"about":[{"href":"http:\/\/gustavoassisceramicas.com.br\/pt\/wp-json\/wp\/v2\/types\/product"}],"replies":[{"embeddable":true,"href":"http:\/\/gustavoassisceramicas.com.br\/pt\/wp-json\/wp\/v2\/comments?post=13443"}],"wp:featuredmedia":[{"embeddable":true,"href":"http:\/\/gustavoassisceramicas.com.br\/pt\/wp-json\/wp\/v2\/media\/13445"}],"wp:attachment":[{"href":"http:\/\/gustavoassisceramicas.com.br\/pt\/wp-json\/wp\/v2\/media?parent=13443"}],"wp:term":[{"taxonomy":"product_brand","embeddable":true,"href":"http:\/\/gustavoassisceramicas.com.br\/pt\/wp-json\/wp\/v2\/product_brand?post=13443"},{"taxonomy":"product_cat","embeddable":true,"href":"http:\/\/gustavoassisceramicas.com.br\/pt\/wp-json\/wp\/v2\/product_cat?post=13443"},{"taxonomy":"product_tag","embeddable":true,"href":"http:\/\/gustavoassisceramicas.com.br\/pt\/wp-json\/wp\/v2\/product_tag?post=13443"}],"curies":[{"name":"wp","href":"https:\/\/api.w.org\/{rel}","templated":true}]}}