{"id":13440,"date":"2021-07-22T13:18:05","date_gmt":"2021-07-22T16:18:05","guid":{"rendered":"https:\/\/gustavoassisceramicas.com.br\/?post_type=product&#038;p=13440"},"modified":"2023-06-03T12:03:10","modified_gmt":"2023-06-03T15:03:10","slug":"bowl-grande-com-desenho-em-meia-lua","status":"publish","type":"product","link":"http:\/\/gustavoassisceramicas.com.br\/pt\/produto\/bowl-grande-com-desenho-em-meia-lua\/","title":{"rendered":"Bowl grande com desenho em meia-lua"},"content":{"rendered":"","protected":false},"excerpt":{"rendered":"<p>Bowl grande com desenho em meia-lua<\/p>\n<p>Bowl feito no torno com a argila marfim, de colora\u00e7\u00e3o cinza-claro. Ap\u00f3s a moldagem, foi aplicado o engobe azul nas bordas e com uma agulha foram feitos desenhos em formato de meia-lua.<\/p>\n<p>Pode ser usado no micro-ondas e m\u00e1quina de lavar lou\u00e7as.<\/p>\n<p>Peso aprox. 1,2 Kg<br \/>\nTamanho aprox. 21 cm de di\u00e2metro x 11 cm de altura<\/p>\n","protected":false},"featured_media":14207,"comment_status":"open","ping_status":"closed","template":"","meta":[],"product_brand":[],"product_cat":[184,162],"product_tag":[240,192,316,436,315],"class_list":{"0":"post-13440","1":"product","2":"type-product","3":"status-publish","4":"has-post-thumbnail","6":"product_cat-pratos","7":"product_cat-utilitarios","8":"product_tag-azul","9":"product_tag-bowl","10":"product_tag-engobe","11":"product_tag-fruteira","12":"product_tag-transparente","14":"first","15":"instock","16":"shipping-taxable","17":"product-type-simple"},"_links":{"self":[{"href":"http:\/\/gustavoassisceramicas.com.br\/pt\/wp-json\/wp\/v2\/product\/13440","targetHints":{"allow":["GET"]}}],"collection":[{"href":"http:\/\/gustavoassisceramicas.com.br\/pt\/wp-json\/wp\/v2\/product"}],"about":[{"href":"http:\/\/gustavoassisceramicas.com.br\/pt\/wp-json\/wp\/v2\/types\/product"}],"replies":[{"embeddable":true,"href":"http:\/\/gustavoassisceramicas.com.br\/pt\/wp-json\/wp\/v2\/comments?post=13440"}],"wp:featuredmedia":[{"embeddable":true,"href":"http:\/\/gustavoassisceramicas.com.br\/pt\/wp-json\/wp\/v2\/media\/14207"}],"wp:attachment":[{"href":"http:\/\/gustavoassisceramicas.com.br\/pt\/wp-json\/wp\/v2\/media?parent=13440"}],"wp:term":[{"taxonomy":"product_brand","embeddable":true,"href":"http:\/\/gustavoassisceramicas.com.br\/pt\/wp-json\/wp\/v2\/product_brand?post=13440"},{"taxonomy":"product_cat","embeddable":true,"href":"http:\/\/gustavoassisceramicas.com.br\/pt\/wp-json\/wp\/v2\/product_cat?post=13440"},{"taxonomy":"product_tag","embeddable":true,"href":"http:\/\/gustavoassisceramicas.com.br\/pt\/wp-json\/wp\/v2\/product_tag?post=13440"}],"curies":[{"name":"wp","href":"https:\/\/api.w.org\/{rel}","templated":true}]}}