{"id":13403,"date":"2021-07-21T18:00:19","date_gmt":"2021-07-21T21:00:19","guid":{"rendered":"https:\/\/gustavoassisceramicas.com.br\/?post_type=product&#038;p=13403"},"modified":"2022-10-29T12:05:59","modified_gmt":"2022-10-29T15:05:59","slug":"conjunto-de-pratos-com-borda-irregular","status":"publish","type":"product","link":"http:\/\/gustavoassisceramicas.com.br\/pt\/produto\/conjunto-de-pratos-com-borda-irregular\/","title":{"rendered":"Conjunto de pratos com borda irregular"},"content":{"rendered":"","protected":false},"excerpt":{"rendered":"<p>Conjunto de pratos com borda irregular<\/p>\n<p>Pratos feitos no torno com a argila terracota e com a borda modificada. Design exclusivo. A parte de fora e as bordas n\u00e3o receberam esmalta\u00e7\u00e3o e parte de dentro recebeu esmalte branco.<\/p>\n<p>Pode ser levado ao micro-ondas e m\u00e1quina de lavar lou\u00e7as.<\/p>\n<p>Peso do conjunto 1,1 Kg<br \/>\nPeso do prato menor: 370 gr<br \/>\nPeso do prato maior: 730 gr<\/p>\n<p>Tamanho do prato menor: 20 cm de di\u00e2metro x 3 cm de altura<br \/>\nTamanho do prato maior: 23 cm de di\u00e2metro x 4,5 cm de altura<\/p>\n","protected":false},"featured_media":15706,"comment_status":"open","ping_status":"closed","template":"","meta":[],"product_brand":[],"product_cat":[777,184,781,162],"product_tag":[172,293,434,295,164],"class_list":{"0":"post-13403","1":"product","2":"type-product","3":"status-publish","4":"has-post-thumbnail","6":"product_cat-colecoes","7":"product_cat-pratos","8":"product_cat-terracota","9":"product_cat-utilitarios","10":"product_tag-branco","11":"product_tag-prato","12":"product_tag-refeicao","13":"product_tag-sobremesa","14":"product_tag-terracota","16":"first","17":"instock","18":"shipping-taxable","19":"product-type-simple"},"_links":{"self":[{"href":"http:\/\/gustavoassisceramicas.com.br\/pt\/wp-json\/wp\/v2\/product\/13403","targetHints":{"allow":["GET"]}}],"collection":[{"href":"http:\/\/gustavoassisceramicas.com.br\/pt\/wp-json\/wp\/v2\/product"}],"about":[{"href":"http:\/\/gustavoassisceramicas.com.br\/pt\/wp-json\/wp\/v2\/types\/product"}],"replies":[{"embeddable":true,"href":"http:\/\/gustavoassisceramicas.com.br\/pt\/wp-json\/wp\/v2\/comments?post=13403"}],"wp:featuredmedia":[{"embeddable":true,"href":"http:\/\/gustavoassisceramicas.com.br\/pt\/wp-json\/wp\/v2\/media\/15706"}],"wp:attachment":[{"href":"http:\/\/gustavoassisceramicas.com.br\/pt\/wp-json\/wp\/v2\/media?parent=13403"}],"wp:term":[{"taxonomy":"product_brand","embeddable":true,"href":"http:\/\/gustavoassisceramicas.com.br\/pt\/wp-json\/wp\/v2\/product_brand?post=13403"},{"taxonomy":"product_cat","embeddable":true,"href":"http:\/\/gustavoassisceramicas.com.br\/pt\/wp-json\/wp\/v2\/product_cat?post=13403"},{"taxonomy":"product_tag","embeddable":true,"href":"http:\/\/gustavoassisceramicas.com.br\/pt\/wp-json\/wp\/v2\/product_tag?post=13403"}],"curies":[{"name":"wp","href":"https:\/\/api.w.org\/{rel}","templated":true}]}}