{"id":13390,"date":"2021-07-21T16:26:00","date_gmt":"2021-07-21T19:26:00","guid":{"rendered":"https:\/\/gustavoassisceramicas.com.br\/?post_type=product&#038;p=13390"},"modified":"2022-10-10T18:38:13","modified_gmt":"2022-10-10T21:38:13","slug":"vaso-redondo-medio-com-desenhos-abstratos","status":"publish","type":"product","link":"http:\/\/gustavoassisceramicas.com.br\/pt\/produto\/vaso-redondo-medio-com-desenhos-abstratos\/","title":{"rendered":"Vasos redondos m\u00e9dios com desenhos geom\u00e9tricos"},"content":{"rendered":"","protected":false},"excerpt":{"rendered":"<p>Vasos redondos m\u00e9dios com desenhos abstratos<\/p>\n<p>Vasos feitos no torno com argila preta e decorado com engobes coloridos. Engobe \u00e9 uma mistura de argila e corante que s\u00e3o colocados na pe\u00e7a quando ela ainda est\u00e1 \u00famida.<\/p>\n<p>Perfeito para decorar varandas e jardins. Recomenda-se o uso como vaso de plantas. N\u00e3o us\u00e1-las como cer\u00e2mica utilit\u00e1ria.<\/p>\n<p>Dispon\u00edvem em v\u00e1rios modelos com formatos semelhantes e desenhos diferentes.<\/p>\n<p>Aten\u00e7\u00e3o: os modelos 1 e 2 possuem furo no fundo para a drenagem de \u00e1gua na hora da rega das plantas<\/p>\n<p>&nbsp;<\/p>\n<p>Peso Aproximado: 1 kg<br \/>\nTamanho Aproximado: 19,5 cm de di\u00e2metro x 10,5 cm de altura<\/p>\n","protected":false},"featured_media":14984,"comment_status":"open","ping_status":"closed","template":"","meta":[],"product_brand":[],"product_cat":[777,780,176,346],"product_tag":[269,316,426,190,186],"class_list":{"0":"post-13390","1":"product","2":"type-product","3":"status-publish","4":"has-post-thumbnail","6":"product_cat-colecoes","7":"product_cat-cores","8":"product_cat-decorativas","9":"product_cat-vasos","10":"product_tag-cachepot","11":"product_tag-engobe","12":"product_tag-paisagismo","13":"product_tag-planta","14":"product_tag-vaso","16":"first","17":"instock","18":"shipping-taxable","19":"product-type-variable"},"_links":{"self":[{"href":"http:\/\/gustavoassisceramicas.com.br\/pt\/wp-json\/wp\/v2\/product\/13390","targetHints":{"allow":["GET"]}}],"collection":[{"href":"http:\/\/gustavoassisceramicas.com.br\/pt\/wp-json\/wp\/v2\/product"}],"about":[{"href":"http:\/\/gustavoassisceramicas.com.br\/pt\/wp-json\/wp\/v2\/types\/product"}],"replies":[{"embeddable":true,"href":"http:\/\/gustavoassisceramicas.com.br\/pt\/wp-json\/wp\/v2\/comments?post=13390"}],"wp:featuredmedia":[{"embeddable":true,"href":"http:\/\/gustavoassisceramicas.com.br\/pt\/wp-json\/wp\/v2\/media\/14984"}],"wp:attachment":[{"href":"http:\/\/gustavoassisceramicas.com.br\/pt\/wp-json\/wp\/v2\/media?parent=13390"}],"wp:term":[{"taxonomy":"product_brand","embeddable":true,"href":"http:\/\/gustavoassisceramicas.com.br\/pt\/wp-json\/wp\/v2\/product_brand?post=13390"},{"taxonomy":"product_cat","embeddable":true,"href":"http:\/\/gustavoassisceramicas.com.br\/pt\/wp-json\/wp\/v2\/product_cat?post=13390"},{"taxonomy":"product_tag","embeddable":true,"href":"http:\/\/gustavoassisceramicas.com.br\/pt\/wp-json\/wp\/v2\/product_tag?post=13390"}],"curies":[{"name":"wp","href":"https:\/\/api.w.org\/{rel}","templated":true}]}}