{"id":13352,"date":"2021-07-20T19:48:11","date_gmt":"2021-07-20T22:48:11","guid":{"rendered":"https:\/\/gustavoassisceramicas.com.br\/?post_type=product&#038;p=13352"},"modified":"2022-10-29T11:42:38","modified_gmt":"2022-10-29T14:42:38","slug":"xicara-de-cafe-em-preto-e-pratinho-bege","status":"publish","type":"product","link":"http:\/\/gustavoassisceramicas.com.br\/pt\/produto\/xicara-de-cafe-em-preto-e-pratinho-bege\/","title":{"rendered":"X\u00edcara de caf\u00e9 em preto e pratinho bege"},"content":{"rendered":"","protected":false},"excerpt":{"rendered":"<p>X\u00edcara em esmalte branco e preto<\/p>\n<p>Delicada x\u00edcara em porcelana de cafezinho com esmalte preto. O pratinho que acompanha a pe\u00e7a \u00e9 de argila creme com esmalte celadon, de cor bege.<\/p>\n<p>Super leve e gostosa de usar. Feita no torno \u00e0 m\u00e3o. Pe\u00e7a \u00fanica.<\/p>\n<p>Pode ser levado ao micro-ondas e m\u00e1quina de lavar lou\u00e7as.<\/p>\n<p>Dimens\u00f5es aproximadas (Altura x Di\u00e2metro): pires: 2 x 9,5 cm \/ x\u00edcara: 5,5 x 5,5 cm<\/p>\n<p>Peso total aproximado: 230 gramas<\/p>\n","protected":false},"featured_media":15939,"comment_status":"open","ping_status":"closed","template":"","meta":[],"product_brand":[],"product_cat":[777,791,162,182],"product_tag":[429,170,341,174,169],"class_list":{"0":"post-13352","1":"product","2":"type-product","3":"status-publish","4":"has-post-thumbnail","6":"product_cat-colecoes","7":"product_cat-tenmoku","8":"product_cat-utilitarios","9":"product_cat-xicaras-canecas-e-copos","10":"product_tag-bege","11":"product_tag-cafe","12":"product_tag-preto","13":"product_tag-tenmoku","14":"product_tag-xicara","16":"first","17":"instock","18":"shipping-taxable","19":"product-type-simple"},"_links":{"self":[{"href":"http:\/\/gustavoassisceramicas.com.br\/pt\/wp-json\/wp\/v2\/product\/13352","targetHints":{"allow":["GET"]}}],"collection":[{"href":"http:\/\/gustavoassisceramicas.com.br\/pt\/wp-json\/wp\/v2\/product"}],"about":[{"href":"http:\/\/gustavoassisceramicas.com.br\/pt\/wp-json\/wp\/v2\/types\/product"}],"replies":[{"embeddable":true,"href":"http:\/\/gustavoassisceramicas.com.br\/pt\/wp-json\/wp\/v2\/comments?post=13352"}],"wp:featuredmedia":[{"embeddable":true,"href":"http:\/\/gustavoassisceramicas.com.br\/pt\/wp-json\/wp\/v2\/media\/15939"}],"wp:attachment":[{"href":"http:\/\/gustavoassisceramicas.com.br\/pt\/wp-json\/wp\/v2\/media?parent=13352"}],"wp:term":[{"taxonomy":"product_brand","embeddable":true,"href":"http:\/\/gustavoassisceramicas.com.br\/pt\/wp-json\/wp\/v2\/product_brand?post=13352"},{"taxonomy":"product_cat","embeddable":true,"href":"http:\/\/gustavoassisceramicas.com.br\/pt\/wp-json\/wp\/v2\/product_cat?post=13352"},{"taxonomy":"product_tag","embeddable":true,"href":"http:\/\/gustavoassisceramicas.com.br\/pt\/wp-json\/wp\/v2\/product_tag?post=13352"}],"curies":[{"name":"wp","href":"https:\/\/api.w.org\/{rel}","templated":true}]}}