{"id":13264,"date":"2021-07-15T10:18:03","date_gmt":"2021-07-15T13:18:03","guid":{"rendered":"https:\/\/gustavoassisceramicas.com.br\/?post_type=product&#038;p=13264"},"modified":"2022-10-19T14:08:40","modified_gmt":"2022-10-19T17:08:40","slug":"copinho-de-cha-ou-yunomi","status":"publish","type":"product","link":"http:\/\/gustavoassisceramicas.com.br\/pt\/produto\/copinho-de-cha-ou-yunomi\/","title":{"rendered":"Copinho de ch\u00e1 ou yunomi sem esmalte"},"content":{"rendered":"","protected":false},"excerpt":{"rendered":"<p>Copinho de ch\u00e1 ou Yunomi<\/p>\n<p>Esse copinho foi moldado no torno com reentr\u00e2ncias para ser mais gostoso de pegar e tamb\u00e9m pela est\u00e9tica. Pode ser usado para apreciar ch\u00e1 ou como copo normal. O nome yunomi vem do japon\u00eas e se traduz por copo de ch\u00e1. \u00c9 normalmente usado no Jap\u00e3o para beber ch\u00e1 informalmente em casa ou em restaurantes, ap\u00f3s as refei\u00e7\u00f5es.<\/p>\n<p>Por fora a pe\u00e7a n\u00e3o recebeu esmalte e por dentro foi aplicado o esmalte tenmoku (preto).<\/p>\n<p>Sua capacidade aproximada \u00e9 de 170 ml.<\/p>\n<p>Peso Aproximado: 230 g<br \/>\nTamanho Aproximado: 7 cm de di\u00e2metro x 8,5 cm de altura<\/p>\n","protected":false},"featured_media":13266,"comment_status":"open","ping_status":"closed","template":"","meta":[],"product_brand":[],"product_cat":[162,182],"product_tag":[171,167,247],"class_list":{"0":"post-13264","1":"product","2":"type-product","3":"status-publish","4":"has-post-thumbnail","6":"product_cat-utilitarios","7":"product_cat-xicaras-canecas-e-copos","8":"product_tag-cha","9":"product_tag-copo","10":"product_tag-yunomi","12":"first","13":"instock","14":"shipping-taxable","15":"product-type-simple"},"_links":{"self":[{"href":"http:\/\/gustavoassisceramicas.com.br\/pt\/wp-json\/wp\/v2\/product\/13264","targetHints":{"allow":["GET"]}}],"collection":[{"href":"http:\/\/gustavoassisceramicas.com.br\/pt\/wp-json\/wp\/v2\/product"}],"about":[{"href":"http:\/\/gustavoassisceramicas.com.br\/pt\/wp-json\/wp\/v2\/types\/product"}],"replies":[{"embeddable":true,"href":"http:\/\/gustavoassisceramicas.com.br\/pt\/wp-json\/wp\/v2\/comments?post=13264"}],"wp:featuredmedia":[{"embeddable":true,"href":"http:\/\/gustavoassisceramicas.com.br\/pt\/wp-json\/wp\/v2\/media\/13266"}],"wp:attachment":[{"href":"http:\/\/gustavoassisceramicas.com.br\/pt\/wp-json\/wp\/v2\/media?parent=13264"}],"wp:term":[{"taxonomy":"product_brand","embeddable":true,"href":"http:\/\/gustavoassisceramicas.com.br\/pt\/wp-json\/wp\/v2\/product_brand?post=13264"},{"taxonomy":"product_cat","embeddable":true,"href":"http:\/\/gustavoassisceramicas.com.br\/pt\/wp-json\/wp\/v2\/product_cat?post=13264"},{"taxonomy":"product_tag","embeddable":true,"href":"http:\/\/gustavoassisceramicas.com.br\/pt\/wp-json\/wp\/v2\/product_tag?post=13264"}],"curies":[{"name":"wp","href":"https:\/\/api.w.org\/{rel}","templated":true}]}}