{"id":13227,"date":"2021-07-14T11:06:19","date_gmt":"2021-07-14T14:06:19","guid":{"rendered":"https:\/\/gustavoassisceramicas.com.br\/?post_type=product&#038;p=13227"},"modified":"2022-10-29T12:13:21","modified_gmt":"2022-10-29T15:13:21","slug":"tigela-pequena-ou-chawan","status":"publish","type":"product","link":"http:\/\/gustavoassisceramicas.com.br\/pt\/produto\/tigela-pequena-ou-chawan\/","title":{"rendered":"Tigela Pequena ou Chawan em Sangue de Boi"},"content":{"rendered":"","protected":false},"excerpt":{"rendered":"<p>Tigela pequena ou Chawan<\/p>\n<p>No Jap\u00e3o, ela \u00e9 chamada de chawan e normalmente \u00e9 usada para se tomar ch\u00e1 ou para servir arroz. Al\u00e9m desses usos, ela serve como um bowl pequeno. Esta tigela foi feita no torno e queimada em forno \u00e0 g\u00e1s. As varia\u00e7\u00f5es s\u00e3o dos esmaltes celadon ou sangue de boi (a ser escolhido pelo cliente).<\/p>\n<p>modelo 1: porcelana com esmalte celadon<\/p>\n<p>modelo 2: blend da casa com esmalte celadon<\/p>\n<p>modelo 3: porcelana com esmalte sangue de boi nas cores marrom avermelhado com manchas claras<\/p>\n<p>modelo 4: porcelana com esmalte sangue de boi na cor marrom avermelhada<\/p>\n<p>Peso aproximado: 210 g<br \/>\nDimens\u00f5es Aproximadas: di\u00e2metro 10,5 cm x altura 7 cm<\/p>\n","protected":false},"featured_media":15973,"comment_status":"open","ping_status":"closed","template":"","meta":[],"product_brand":[],"product_cat":[777,184,779,162],"product_tag":[401,168,191],"class_list":{"0":"post-13227","1":"product","2":"type-product","3":"status-publish","4":"has-post-thumbnail","6":"product_cat-colecoes","7":"product_cat-pratos","8":"product_cat-sangue-de-boi","9":"product_cat-utilitarios","10":"product_tag-chawan","11":"product_tag-sangue-de-boi","12":"product_tag-tigela","14":"first","15":"instock","16":"shipping-taxable","17":"product-type-variable"},"_links":{"self":[{"href":"http:\/\/gustavoassisceramicas.com.br\/pt\/wp-json\/wp\/v2\/product\/13227","targetHints":{"allow":["GET"]}}],"collection":[{"href":"http:\/\/gustavoassisceramicas.com.br\/pt\/wp-json\/wp\/v2\/product"}],"about":[{"href":"http:\/\/gustavoassisceramicas.com.br\/pt\/wp-json\/wp\/v2\/types\/product"}],"replies":[{"embeddable":true,"href":"http:\/\/gustavoassisceramicas.com.br\/pt\/wp-json\/wp\/v2\/comments?post=13227"}],"wp:featuredmedia":[{"embeddable":true,"href":"http:\/\/gustavoassisceramicas.com.br\/pt\/wp-json\/wp\/v2\/media\/15973"}],"wp:attachment":[{"href":"http:\/\/gustavoassisceramicas.com.br\/pt\/wp-json\/wp\/v2\/media?parent=13227"}],"wp:term":[{"taxonomy":"product_brand","embeddable":true,"href":"http:\/\/gustavoassisceramicas.com.br\/pt\/wp-json\/wp\/v2\/product_brand?post=13227"},{"taxonomy":"product_cat","embeddable":true,"href":"http:\/\/gustavoassisceramicas.com.br\/pt\/wp-json\/wp\/v2\/product_cat?post=13227"},{"taxonomy":"product_tag","embeddable":true,"href":"http:\/\/gustavoassisceramicas.com.br\/pt\/wp-json\/wp\/v2\/product_tag?post=13227"}],"curies":[{"name":"wp","href":"https:\/\/api.w.org\/{rel}","templated":true}]}}