{"id":13199,"date":"2021-04-06T16:05:06","date_gmt":"2021-04-06T19:05:06","guid":{"rendered":"https:\/\/gustavoassisceramicas.com.br\/?post_type=product&#038;p=13199"},"modified":"2023-12-11T10:37:52","modified_gmt":"2023-12-11T13:37:52","slug":"vaso-em-raku-com-desenho-em-verde","status":"publish","type":"product","link":"http:\/\/gustavoassisceramicas.com.br\/pt\/produto\/vaso-em-raku-com-desenho-em-verde\/","title":{"rendered":"Vasos em Raku com desenhos coloridos"},"content":{"rendered":"","protected":false},"excerpt":{"rendered":"<p>Vasos em Raku com desenhos coloridos<\/p>\n<p>Vasos decorativos feitos com argila especial e queimado na t\u00e9cnica tradicional japonesa de raku &#8211; a pe\u00e7a \u00e9 retirada do forno \u00e0 1.000\u00baC, colocada en um recipiente feachado com folhas secas em combust\u00e3o e resfriada rapidamente, imprimindo efeitos \u00fanicos.<\/p>\n<p>V\u00e1rios modelos dispon\u00edveis nas cores azul, vermelho, amarelo, branco e verde.<\/p>\n<p>N\u00e3o pode ser usada como utilit\u00e1rio.<\/p>\n<p>Aten\u00e7\u00e3o:<\/p>\n<p>Os modelos 1, 2 e 3 t\u00eam furo no fundo para servir como drenagem de \u00e1gua para serem usados como vasos de plantas.<\/p>\n<p>Peso M\u00e9dio Aprox. (950 g)<\/p>\n<p>Dimens\u00f5es m\u00e9dias aprox.: di\u00e2metro x altura (15 x 15 cm)<\/p>\n","protected":false},"featured_media":15618,"comment_status":"open","ping_status":"closed","template":"","meta":[],"product_brand":[],"product_cat":[777,780,176,346],"product_tag":[269,753,190,260],"class_list":{"0":"post-13199","1":"product","2":"type-product","3":"status-publish","4":"has-post-thumbnail","6":"product_cat-colecoes","7":"product_cat-cores","8":"product_cat-decorativas","9":"product_cat-vasos","10":"product_tag-cachepot","11":"product_tag-colorido","12":"product_tag-planta","13":"product_tag-raku","15":"first","16":"instock","17":"shipping-taxable","18":"product-type-variable","19":"has-default-attributes"},"_links":{"self":[{"href":"http:\/\/gustavoassisceramicas.com.br\/pt\/wp-json\/wp\/v2\/product\/13199","targetHints":{"allow":["GET"]}}],"collection":[{"href":"http:\/\/gustavoassisceramicas.com.br\/pt\/wp-json\/wp\/v2\/product"}],"about":[{"href":"http:\/\/gustavoassisceramicas.com.br\/pt\/wp-json\/wp\/v2\/types\/product"}],"replies":[{"embeddable":true,"href":"http:\/\/gustavoassisceramicas.com.br\/pt\/wp-json\/wp\/v2\/comments?post=13199"}],"wp:featuredmedia":[{"embeddable":true,"href":"http:\/\/gustavoassisceramicas.com.br\/pt\/wp-json\/wp\/v2\/media\/15618"}],"wp:attachment":[{"href":"http:\/\/gustavoassisceramicas.com.br\/pt\/wp-json\/wp\/v2\/media?parent=13199"}],"wp:term":[{"taxonomy":"product_brand","embeddable":true,"href":"http:\/\/gustavoassisceramicas.com.br\/pt\/wp-json\/wp\/v2\/product_brand?post=13199"},{"taxonomy":"product_cat","embeddable":true,"href":"http:\/\/gustavoassisceramicas.com.br\/pt\/wp-json\/wp\/v2\/product_cat?post=13199"},{"taxonomy":"product_tag","embeddable":true,"href":"http:\/\/gustavoassisceramicas.com.br\/pt\/wp-json\/wp\/v2\/product_tag?post=13199"}],"curies":[{"name":"wp","href":"https:\/\/api.w.org\/{rel}","templated":true}]}}