{"id":12687,"date":"2020-05-13T12:45:10","date_gmt":"2020-05-13T15:45:10","guid":{"rendered":"https:\/\/gustavoassisceramicas.com.br\/?post_type=product&#038;p=12687"},"modified":"2022-07-13T14:55:35","modified_gmt":"2022-07-13T17:55:35","slug":"garrafa-em-raku","status":"publish","type":"product","link":"http:\/\/gustavoassisceramicas.com.br\/pt\/produto\/garrafa-em-raku\/","title":{"rendered":"Garrafa em Raku"},"content":{"rendered":"","protected":false},"excerpt":{"rendered":"<p>Garrafa em Raku<\/p>\n<p>Pe\u00e7a queimada na tradi\u00e7\u00e3o oriental do Raku &#8211; \u00e0 1.000\u00ba C ela foi retirada e resfriada rapidamente, imprimindo efeitos \u00fanicos.<\/p>\n<p>N\u00e3o pode ser usada como pe\u00e7a utilit\u00e1ria.<\/p>\n<p>Dimens\u00f5es aprox. di\u00e2metro x altura (14 x 23 cm)<\/p>\n","protected":false},"featured_media":15336,"comment_status":"open","ping_status":"closed","template":"","meta":[],"product_brand":[],"product_cat":[176,261],"product_tag":[166,260],"class_list":{"0":"post-12687","1":"product","2":"type-product","3":"status-publish","4":"has-post-thumbnail","6":"product_cat-decorativas","7":"product_cat-garrafas","8":"product_tag-garrafa","9":"product_tag-raku","11":"first","12":"instock","13":"shipping-taxable","14":"product-type-simple"},"_links":{"self":[{"href":"http:\/\/gustavoassisceramicas.com.br\/pt\/wp-json\/wp\/v2\/product\/12687","targetHints":{"allow":["GET"]}}],"collection":[{"href":"http:\/\/gustavoassisceramicas.com.br\/pt\/wp-json\/wp\/v2\/product"}],"about":[{"href":"http:\/\/gustavoassisceramicas.com.br\/pt\/wp-json\/wp\/v2\/types\/product"}],"replies":[{"embeddable":true,"href":"http:\/\/gustavoassisceramicas.com.br\/pt\/wp-json\/wp\/v2\/comments?post=12687"}],"wp:featuredmedia":[{"embeddable":true,"href":"http:\/\/gustavoassisceramicas.com.br\/pt\/wp-json\/wp\/v2\/media\/15336"}],"wp:attachment":[{"href":"http:\/\/gustavoassisceramicas.com.br\/pt\/wp-json\/wp\/v2\/media?parent=12687"}],"wp:term":[{"taxonomy":"product_brand","embeddable":true,"href":"http:\/\/gustavoassisceramicas.com.br\/pt\/wp-json\/wp\/v2\/product_brand?post=12687"},{"taxonomy":"product_cat","embeddable":true,"href":"http:\/\/gustavoassisceramicas.com.br\/pt\/wp-json\/wp\/v2\/product_cat?post=12687"},{"taxonomy":"product_tag","embeddable":true,"href":"http:\/\/gustavoassisceramicas.com.br\/pt\/wp-json\/wp\/v2\/product_tag?post=12687"}],"curies":[{"name":"wp","href":"https:\/\/api.w.org\/{rel}","templated":true}]}}