{"id":5354,"date":"2018-12-03T15:29:06","date_gmt":"2018-12-03T17:29:06","guid":{"rendered":"https:\/\/gustavoassisceramicas.com.br\/?post_type=product&#038;p=5354"},"modified":"2022-07-13T15:13:28","modified_gmt":"2022-07-13T18:13:28","slug":"prato-em-terracota-com-desenho-de-folhas","status":"publish","type":"product","link":"http:\/\/gustavoassisceramicas.com.br\/en\/product\/prato-em-terracota-com-desenho-de-folhas\/","title":{"rendered":"Prato em terracota com desenho de folhas"},"content":{"rendered":"","protected":false},"excerpt":{"rendered":"<p>Prato raso em terracota com desenhos folhas <\/p>\n<p>Prato moldado em placa na argila terracota. Esmaltado em transparente com desenhos de folhas em azul. Pode ser usado como prato raso para refei\u00e7\u00f5es. Queimado no forno \u00e0 g\u00e1s at\u00e9 1.060\u00baC.<\/p>\n<p>Peso Aproximado: 657 gr<br \/>\nTamanho Aproximado: (Di\u00e2metro x Altura) 25 x 3,5 cm<\/p>","protected":false},"featured_media":13554,"comment_status":"open","ping_status":"closed","template":"","meta":[],"product_brand":[],"product_cat":[184,162],"product_tag":[240,286,293,317,164],"class_list":{"0":"post-5354","1":"product","2":"type-product","3":"status-publish","4":"has-post-thumbnail","6":"product_cat-pratos","7":"product_cat-utilitarios","8":"product_tag-azul","9":"product_tag-flor","10":"product_tag-prato","11":"product_tag-raso","12":"product_tag-terracota","14":"first","15":"instock","16":"shipping-taxable","17":"product-type-simple"},"_links":{"self":[{"href":"http:\/\/gustavoassisceramicas.com.br\/en\/wp-json\/wp\/v2\/product\/5354","targetHints":{"allow":["GET"]}}],"collection":[{"href":"http:\/\/gustavoassisceramicas.com.br\/en\/wp-json\/wp\/v2\/product"}],"about":[{"href":"http:\/\/gustavoassisceramicas.com.br\/en\/wp-json\/wp\/v2\/types\/product"}],"replies":[{"embeddable":true,"href":"http:\/\/gustavoassisceramicas.com.br\/en\/wp-json\/wp\/v2\/comments?post=5354"}],"wp:featuredmedia":[{"embeddable":true,"href":"http:\/\/gustavoassisceramicas.com.br\/en\/wp-json\/wp\/v2\/media\/13554"}],"wp:attachment":[{"href":"http:\/\/gustavoassisceramicas.com.br\/en\/wp-json\/wp\/v2\/media?parent=5354"}],"wp:term":[{"taxonomy":"product_brand","embeddable":true,"href":"http:\/\/gustavoassisceramicas.com.br\/en\/wp-json\/wp\/v2\/product_brand?post=5354"},{"taxonomy":"product_cat","embeddable":true,"href":"http:\/\/gustavoassisceramicas.com.br\/en\/wp-json\/wp\/v2\/product_cat?post=5354"},{"taxonomy":"product_tag","embeddable":true,"href":"http:\/\/gustavoassisceramicas.com.br\/en\/wp-json\/wp\/v2\/product_tag?post=5354"}],"curies":[{"name":"wp","href":"https:\/\/api.w.org\/{rel}","templated":true}]}}