{"id":5348,"date":"2018-12-03T15:00:21","date_gmt":"2018-12-03T17:00:21","guid":{"rendered":"https:\/\/gustavoassisceramicas.com.br\/?post_type=product&#038;p=5348"},"modified":"2022-07-13T15:14:03","modified_gmt":"2022-07-13T18:14:03","slug":"prato-com-desenho-de-gavinha-em-azul","status":"publish","type":"product","link":"http:\/\/gustavoassisceramicas.com.br\/en\/product\/prato-com-desenho-de-gavinha-em-azul\/","title":{"rendered":"Prato com desenho de gavinha em azul"},"content":{"rendered":"","protected":false},"excerpt":{"rendered":"<p>Prato raso com desenhos de gavinha em azul<\/p>\n<p>Prato moldado em placa na argila marfim. Pintado com desenhos de um galho e gavinha em azul. Revestido em esmalte transparente. Pode ser usado como prato raso para refei\u00e7\u00f5es. Queimado no forno \u00e0 g\u00e1s at\u00e9 1.060\u00baC.<\/p>\n<p>Peso Aproximado: 626 gr<br \/>\nTamanho Aproximado: (Di\u00e2metro x Altura) 25 x 2 cm<\/p>","protected":false},"featured_media":5349,"comment_status":"open","ping_status":"closed","template":"","meta":[],"product_brand":[],"product_cat":[184,162],"product_tag":[240,172,316,293,317],"class_list":{"0":"post-5348","1":"product","2":"type-product","3":"status-publish","4":"has-post-thumbnail","6":"product_cat-pratos","7":"product_cat-utilitarios","8":"product_tag-azul","9":"product_tag-branco","10":"product_tag-engobe","11":"product_tag-prato","12":"product_tag-raso","14":"first","15":"instock","16":"shipping-taxable","17":"product-type-simple"},"_links":{"self":[{"href":"http:\/\/gustavoassisceramicas.com.br\/en\/wp-json\/wp\/v2\/product\/5348","targetHints":{"allow":["GET"]}}],"collection":[{"href":"http:\/\/gustavoassisceramicas.com.br\/en\/wp-json\/wp\/v2\/product"}],"about":[{"href":"http:\/\/gustavoassisceramicas.com.br\/en\/wp-json\/wp\/v2\/types\/product"}],"replies":[{"embeddable":true,"href":"http:\/\/gustavoassisceramicas.com.br\/en\/wp-json\/wp\/v2\/comments?post=5348"}],"wp:featuredmedia":[{"embeddable":true,"href":"http:\/\/gustavoassisceramicas.com.br\/en\/wp-json\/wp\/v2\/media\/5349"}],"wp:attachment":[{"href":"http:\/\/gustavoassisceramicas.com.br\/en\/wp-json\/wp\/v2\/media?parent=5348"}],"wp:term":[{"taxonomy":"product_brand","embeddable":true,"href":"http:\/\/gustavoassisceramicas.com.br\/en\/wp-json\/wp\/v2\/product_brand?post=5348"},{"taxonomy":"product_cat","embeddable":true,"href":"http:\/\/gustavoassisceramicas.com.br\/en\/wp-json\/wp\/v2\/product_cat?post=5348"},{"taxonomy":"product_tag","embeddable":true,"href":"http:\/\/gustavoassisceramicas.com.br\/en\/wp-json\/wp\/v2\/product_tag?post=5348"}],"curies":[{"name":"wp","href":"https:\/\/api.w.org\/{rel}","templated":true}]}}