{"id":5217,"date":"2018-09-12T22:14:52","date_gmt":"2018-09-13T01:14:52","guid":{"rendered":"https:\/\/gustavoassisceramicas.com.br\/?post_type=product&#038;p=5217"},"modified":"2023-02-23T03:56:16","modified_gmt":"2023-02-23T06:56:16","slug":"porta-escovas-de-dente-azul","status":"publish","type":"product","link":"http:\/\/gustavoassisceramicas.com.br\/en\/product\/porta-escovas-de-dente-azul\/","title":{"rendered":"Porta escovas de dente azul"},"content":{"rendered":"","protected":false},"excerpt":{"rendered":"<p>Porta escovas de dente<\/p>\n<p>Feita no torno, apresenta um furo no meio para n\u00e3o acumular \u00e1gua. Esmaltado em azul e queimado \u00e0 1.100 graus em forno \u00e0 g\u00e1s. <\/p>\n<p>Peso Aproximado: 430 g<br \/>\nDimens\u00f5es Aproximadas (Altura x Di\u00e2metro): 12 x 10 cm<\/p>","protected":false},"featured_media":5218,"comment_status":"open","ping_status":"closed","template":"","meta":[],"product_brand":[],"product_cat":[333,176],"product_tag":[240,167,284,285],"class_list":{"0":"post-5217","1":"product","2":"type-product","3":"status-publish","4":"has-post-thumbnail","6":"product_cat-acessorios-banheiro","7":"product_cat-decorativas","8":"product_tag-azul","9":"product_tag-copo","10":"product_tag-escova-de-dente","11":"product_tag-porta","13":"first","14":"instock","15":"shipping-taxable","16":"product-type-simple"},"_links":{"self":[{"href":"http:\/\/gustavoassisceramicas.com.br\/en\/wp-json\/wp\/v2\/product\/5217","targetHints":{"allow":["GET"]}}],"collection":[{"href":"http:\/\/gustavoassisceramicas.com.br\/en\/wp-json\/wp\/v2\/product"}],"about":[{"href":"http:\/\/gustavoassisceramicas.com.br\/en\/wp-json\/wp\/v2\/types\/product"}],"replies":[{"embeddable":true,"href":"http:\/\/gustavoassisceramicas.com.br\/en\/wp-json\/wp\/v2\/comments?post=5217"}],"wp:featuredmedia":[{"embeddable":true,"href":"http:\/\/gustavoassisceramicas.com.br\/en\/wp-json\/wp\/v2\/media\/5218"}],"wp:attachment":[{"href":"http:\/\/gustavoassisceramicas.com.br\/en\/wp-json\/wp\/v2\/media?parent=5217"}],"wp:term":[{"taxonomy":"product_brand","embeddable":true,"href":"http:\/\/gustavoassisceramicas.com.br\/en\/wp-json\/wp\/v2\/product_brand?post=5217"},{"taxonomy":"product_cat","embeddable":true,"href":"http:\/\/gustavoassisceramicas.com.br\/en\/wp-json\/wp\/v2\/product_cat?post=5217"},{"taxonomy":"product_tag","embeddable":true,"href":"http:\/\/gustavoassisceramicas.com.br\/en\/wp-json\/wp\/v2\/product_tag?post=5217"}],"curies":[{"name":"wp","href":"https:\/\/api.w.org\/{rel}","templated":true}]}}