{"id":4873,"date":"2018-08-02T20:18:18","date_gmt":"2018-08-02T23:18:18","guid":{"rendered":"https:\/\/gustavoassisceramicas.com.br\/?post_type=product&#038;p=4873"},"modified":"2024-01-02T18:09:39","modified_gmt":"2024-01-02T21:09:39","slug":"porta-incenso","status":"publish","type":"product","link":"http:\/\/gustavoassisceramicas.com.br\/en\/product\/porta-incenso\/","title":{"rendered":"Porta Incenso"},"content":{"rendered":"","protected":false},"excerpt":{"rendered":"<p>Porta incenso em esmalte azul com pintas em violeta. Queime o seu incenso nesse lindo objeto e traga boas enertgias para a sua casa ou trabalho. O pratinho impede sujar o seu espa\u00e7o com as cinzas.<\/p>\n<p>Pe\u00e7a feita \u00e0 m\u00e3o no torno.<\/p>\n<p>Dimens\u00f5es aproximadas (Altura x Di\u00e2metro): 2 x 7 cm<br \/>\nPeso aproximado: 60 gramas<\/p>","protected":false},"featured_media":4874,"comment_status":"open","ping_status":"closed","template":"","meta":[],"product_brand":[],"product_cat":[176,198],"product_tag":[202,201,199,200],"class_list":{"0":"post-4873","1":"product","2":"type-product","3":"status-publish","4":"has-post-thumbnail","6":"product_cat-decorativas","7":"product_cat-incenso-e-aromas","8":"product_tag-decoracao","9":"product_tag-energia","10":"product_tag-incenso","11":"product_tag-meditacao","13":"first","14":"instock","15":"shipping-taxable","16":"product-type-simple"},"_links":{"self":[{"href":"http:\/\/gustavoassisceramicas.com.br\/en\/wp-json\/wp\/v2\/product\/4873","targetHints":{"allow":["GET"]}}],"collection":[{"href":"http:\/\/gustavoassisceramicas.com.br\/en\/wp-json\/wp\/v2\/product"}],"about":[{"href":"http:\/\/gustavoassisceramicas.com.br\/en\/wp-json\/wp\/v2\/types\/product"}],"replies":[{"embeddable":true,"href":"http:\/\/gustavoassisceramicas.com.br\/en\/wp-json\/wp\/v2\/comments?post=4873"}],"wp:featuredmedia":[{"embeddable":true,"href":"http:\/\/gustavoassisceramicas.com.br\/en\/wp-json\/wp\/v2\/media\/4874"}],"wp:attachment":[{"href":"http:\/\/gustavoassisceramicas.com.br\/en\/wp-json\/wp\/v2\/media?parent=4873"}],"wp:term":[{"taxonomy":"product_brand","embeddable":true,"href":"http:\/\/gustavoassisceramicas.com.br\/en\/wp-json\/wp\/v2\/product_brand?post=4873"},{"taxonomy":"product_cat","embeddable":true,"href":"http:\/\/gustavoassisceramicas.com.br\/en\/wp-json\/wp\/v2\/product_cat?post=4873"},{"taxonomy":"product_tag","embeddable":true,"href":"http:\/\/gustavoassisceramicas.com.br\/en\/wp-json\/wp\/v2\/product_tag?post=4873"}],"curies":[{"name":"wp","href":"https:\/\/api.w.org\/{rel}","templated":true}]}}