{"id":16160,"date":"2023-10-04T13:51:14","date_gmt":"2023-10-04T16:51:14","guid":{"rendered":"https:\/\/gustavoassisceramicas.com.br\/?post_type=product&#038;p=16160"},"modified":"2023-10-04T13:57:37","modified_gmt":"2023-10-04T16:57:37","slug":"copinho-de-cha-ou-yunomi-em-sangue-de-boi-e-celadon-com-pratinho","status":"publish","type":"product","link":"http:\/\/gustavoassisceramicas.com.br\/en\/product\/copinho-de-cha-ou-yunomi-em-sangue-de-boi-e-celadon-com-pratinho\/","title":{"rendered":"Copinho de ch\u00e1 ou yunomi em sangue de boi e celadon com pratinho"},"content":{"rendered":"","protected":false},"excerpt":{"rendered":"<p>Copinho de ch\u00e1 ou Yunomi com pratinho<\/p>\n<p>Esse copinho foi moldado no torno. Pode ser usado para apreciar ch\u00e1 ou como copo normal. O nome yunomi vem do japon\u00eas e se traduz por copo de ch\u00e1. \u00c9 normalmente usado no Jap\u00e3o para beber ch\u00e1 informalmente em casa ou em restaurantes, ap\u00f3s as refei\u00e7\u00f5es.<\/p>\n<p>Nesses modelos foi usado o esmalte sangue de boi e celadon.<\/p>\n<p>Sua capacidade aproximada \u00e9 de 185 ml.<\/p>\n<p>Peso Aproximado: 284 g<br \/>\nTamanho Aproximado:<\/p>\n<p>Copo: 8 cm de di\u00e2metro x 7,5 cm de altura<\/p>\n<p>Prato: 10 cm de di\u00e2metro x 2 cm de altura<\/p>","protected":false},"featured_media":16163,"comment_status":"open","ping_status":"closed","template":"","meta":[],"product_brand":[],"product_cat":[778,777,779,162,182],"product_tag":[173,171,167,168,247],"class_list":{"0":"post-16160","1":"product","2":"type-product","3":"status-publish","4":"has-post-thumbnail","6":"product_cat-celadon","7":"product_cat-colecoes","8":"product_cat-sangue-de-boi","9":"product_cat-utilitarios","10":"product_cat-xicaras-canecas-e-copos","11":"product_tag-celadon","12":"product_tag-cha","13":"product_tag-copo","14":"product_tag-sangue-de-boi","15":"product_tag-yunomi","17":"first","18":"instock","19":"shipping-taxable","20":"product-type-simple"},"_links":{"self":[{"href":"http:\/\/gustavoassisceramicas.com.br\/en\/wp-json\/wp\/v2\/product\/16160","targetHints":{"allow":["GET"]}}],"collection":[{"href":"http:\/\/gustavoassisceramicas.com.br\/en\/wp-json\/wp\/v2\/product"}],"about":[{"href":"http:\/\/gustavoassisceramicas.com.br\/en\/wp-json\/wp\/v2\/types\/product"}],"replies":[{"embeddable":true,"href":"http:\/\/gustavoassisceramicas.com.br\/en\/wp-json\/wp\/v2\/comments?post=16160"}],"wp:featuredmedia":[{"embeddable":true,"href":"http:\/\/gustavoassisceramicas.com.br\/en\/wp-json\/wp\/v2\/media\/16163"}],"wp:attachment":[{"href":"http:\/\/gustavoassisceramicas.com.br\/en\/wp-json\/wp\/v2\/media?parent=16160"}],"wp:term":[{"taxonomy":"product_brand","embeddable":true,"href":"http:\/\/gustavoassisceramicas.com.br\/en\/wp-json\/wp\/v2\/product_brand?post=16160"},{"taxonomy":"product_cat","embeddable":true,"href":"http:\/\/gustavoassisceramicas.com.br\/en\/wp-json\/wp\/v2\/product_cat?post=16160"},{"taxonomy":"product_tag","embeddable":true,"href":"http:\/\/gustavoassisceramicas.com.br\/en\/wp-json\/wp\/v2\/product_tag?post=16160"}],"curies":[{"name":"wp","href":"https:\/\/api.w.org\/{rel}","templated":true}]}}