{"id":16155,"date":"2023-10-02T16:32:24","date_gmt":"2023-10-02T19:32:24","guid":{"rendered":"https:\/\/gustavoassisceramicas.com.br\/?post_type=product&#038;p=16155"},"modified":"2023-10-02T16:36:05","modified_gmt":"2023-10-02T19:36:05","slug":"tigela-grande-em-celadon-e-sangue-de-boi","status":"publish","type":"product","link":"http:\/\/gustavoassisceramicas.com.br\/en\/product\/tigela-grande-em-celadon-e-sangue-de-boi\/","title":{"rendered":"Tigela Grande em Celadon e Sangue de Boi"},"content":{"rendered":"","protected":false},"excerpt":{"rendered":"<p>Tigela Grande<\/p>\n<p>Tigela torneada \u00e0 m\u00e3o. Dispon\u00edvel no esmalte celadon com a borda de esmalte sangue de boi.<\/p>\n<p>Pode ser usada no micro-ondas e m\u00e1quina de lavar<\/p>\n<p>Peso Aprox.: 577 gr.<br \/>\nTamanho Aprox.: 22 cm de di\u00e2metro x 8,5 cm de altura<\/p>","protected":false},"featured_media":16156,"comment_status":"open","ping_status":"closed","template":"","meta":[],"product_brand":[],"product_cat":[778,777,184,779,162],"product_tag":[192,173,168,191],"class_list":{"0":"post-16155","1":"product","2":"type-product","3":"status-publish","4":"has-post-thumbnail","6":"product_cat-celadon","7":"product_cat-colecoes","8":"product_cat-pratos","9":"product_cat-sangue-de-boi","10":"product_cat-utilitarios","11":"product_tag-bowl","12":"product_tag-celadon","13":"product_tag-sangue-de-boi","14":"product_tag-tigela","16":"first","17":"instock","18":"shipping-taxable","19":"product-type-simple"},"_links":{"self":[{"href":"http:\/\/gustavoassisceramicas.com.br\/en\/wp-json\/wp\/v2\/product\/16155","targetHints":{"allow":["GET"]}}],"collection":[{"href":"http:\/\/gustavoassisceramicas.com.br\/en\/wp-json\/wp\/v2\/product"}],"about":[{"href":"http:\/\/gustavoassisceramicas.com.br\/en\/wp-json\/wp\/v2\/types\/product"}],"replies":[{"embeddable":true,"href":"http:\/\/gustavoassisceramicas.com.br\/en\/wp-json\/wp\/v2\/comments?post=16155"}],"wp:featuredmedia":[{"embeddable":true,"href":"http:\/\/gustavoassisceramicas.com.br\/en\/wp-json\/wp\/v2\/media\/16156"}],"wp:attachment":[{"href":"http:\/\/gustavoassisceramicas.com.br\/en\/wp-json\/wp\/v2\/media?parent=16155"}],"wp:term":[{"taxonomy":"product_brand","embeddable":true,"href":"http:\/\/gustavoassisceramicas.com.br\/en\/wp-json\/wp\/v2\/product_brand?post=16155"},{"taxonomy":"product_cat","embeddable":true,"href":"http:\/\/gustavoassisceramicas.com.br\/en\/wp-json\/wp\/v2\/product_cat?post=16155"},{"taxonomy":"product_tag","embeddable":true,"href":"http:\/\/gustavoassisceramicas.com.br\/en\/wp-json\/wp\/v2\/product_tag?post=16155"}],"curies":[{"name":"wp","href":"https:\/\/api.w.org\/{rel}","templated":true}]}}