{"id":16141,"date":"2023-10-02T15:29:38","date_gmt":"2023-10-02T18:29:38","guid":{"rendered":"https:\/\/gustavoassisceramicas.com.br\/?post_type=product&#038;p=16141"},"modified":"2023-10-02T15:58:28","modified_gmt":"2023-10-02T18:58:28","slug":"tigela-pequena-ou-chawan-em-celadon-e-sangue-de-boi","status":"publish","type":"product","link":"http:\/\/gustavoassisceramicas.com.br\/en\/product\/tigela-pequena-ou-chawan-em-celadon-e-sangue-de-boi\/","title":{"rendered":"Tigela Pequena ou Chawan em Celadon e Sangue de Boi"},"content":{"rendered":"","protected":false},"excerpt":{"rendered":"<p>Tigela pequena ou Chawan<\/p>\n<p>No Jap\u00e3o, ela \u00e9 chamada de chawan e normalmente \u00e9 usada para se tomar ch\u00e1 ou para servir arroz. Al\u00e9m desses usos, ela serve como um bowl pequeno. Esta tigela foi feita no torno e queimada em forno \u00e0 g\u00e1s.<\/p>\n<p>Tigela decorada com esmalte celadon e borda de esmalte sangue de boi.<\/p>\n<p>Peso aproximado: 210 g<br \/>\nDimens\u00f5es Aproximadas: di\u00e2metro 10,5 cm x altura 7 cm<\/p>","protected":false},"featured_media":16142,"comment_status":"open","ping_status":"closed","template":"","meta":[],"product_brand":[],"product_cat":[778,777,184,779,162],"product_tag":[173,401,168,191],"class_list":{"0":"post-16141","1":"product","2":"type-product","3":"status-publish","4":"has-post-thumbnail","6":"product_cat-celadon","7":"product_cat-colecoes","8":"product_cat-pratos","9":"product_cat-sangue-de-boi","10":"product_cat-utilitarios","11":"product_tag-celadon","12":"product_tag-chawan","13":"product_tag-sangue-de-boi","14":"product_tag-tigela","16":"first","17":"instock","18":"shipping-taxable","19":"product-type-simple"},"_links":{"self":[{"href":"http:\/\/gustavoassisceramicas.com.br\/en\/wp-json\/wp\/v2\/product\/16141","targetHints":{"allow":["GET"]}}],"collection":[{"href":"http:\/\/gustavoassisceramicas.com.br\/en\/wp-json\/wp\/v2\/product"}],"about":[{"href":"http:\/\/gustavoassisceramicas.com.br\/en\/wp-json\/wp\/v2\/types\/product"}],"replies":[{"embeddable":true,"href":"http:\/\/gustavoassisceramicas.com.br\/en\/wp-json\/wp\/v2\/comments?post=16141"}],"wp:featuredmedia":[{"embeddable":true,"href":"http:\/\/gustavoassisceramicas.com.br\/en\/wp-json\/wp\/v2\/media\/16142"}],"wp:attachment":[{"href":"http:\/\/gustavoassisceramicas.com.br\/en\/wp-json\/wp\/v2\/media?parent=16141"}],"wp:term":[{"taxonomy":"product_brand","embeddable":true,"href":"http:\/\/gustavoassisceramicas.com.br\/en\/wp-json\/wp\/v2\/product_brand?post=16141"},{"taxonomy":"product_cat","embeddable":true,"href":"http:\/\/gustavoassisceramicas.com.br\/en\/wp-json\/wp\/v2\/product_cat?post=16141"},{"taxonomy":"product_tag","embeddable":true,"href":"http:\/\/gustavoassisceramicas.com.br\/en\/wp-json\/wp\/v2\/product_tag?post=16141"}],"curies":[{"name":"wp","href":"https:\/\/api.w.org\/{rel}","templated":true}]}}