{"id":16119,"date":"2023-10-02T11:25:35","date_gmt":"2023-10-02T14:25:35","guid":{"rendered":"https:\/\/gustavoassisceramicas.com.br\/?post_type=product&#038;p=16119"},"modified":"2023-10-02T11:47:44","modified_gmt":"2023-10-02T14:47:44","slug":"pratos-de-refeicao-em-celadon","status":"publish","type":"product","link":"http:\/\/gustavoassisceramicas.com.br\/en\/product\/pratos-de-refeicao-em-celadon\/","title":{"rendered":"Pratos de refei\u00e7\u00e3o em celadon"},"content":{"rendered":"","protected":false},"excerpt":{"rendered":"<p>Pratos de refei\u00e7\u00e3o em esmalte celadon<\/p>\n<p>Pratos feitos no torno com argila formulada no nosso ateli\u00ea com esmalte celadon. Dependendo das condi\u00e7\u00f5es do forno, apresentam tonalidades diferentes. Apresenta craquelado do esmalte, que no caso do esmalte celadon \u00e9 um aspecto valorizado.<\/p>\n<p>Peso Aproximado (de cada prato): 530 g<br \/>\nTamanho Aproximado (de cada prato): 22 cm de di\u00e2metro x 2,5 cm de altura<\/p>","protected":false},"featured_media":16122,"comment_status":"open","ping_status":"closed","template":"","meta":[],"product_brand":[],"product_cat":[778,777,184,162],"product_tag":[173,293,434],"class_list":{"0":"post-16119","1":"product","2":"type-product","3":"status-publish","4":"has-post-thumbnail","6":"product_cat-celadon","7":"product_cat-colecoes","8":"product_cat-pratos","9":"product_cat-utilitarios","10":"product_tag-celadon","11":"product_tag-prato","12":"product_tag-refeicao","14":"first","15":"instock","16":"shipping-taxable","17":"product-type-simple"},"_links":{"self":[{"href":"http:\/\/gustavoassisceramicas.com.br\/en\/wp-json\/wp\/v2\/product\/16119","targetHints":{"allow":["GET"]}}],"collection":[{"href":"http:\/\/gustavoassisceramicas.com.br\/en\/wp-json\/wp\/v2\/product"}],"about":[{"href":"http:\/\/gustavoassisceramicas.com.br\/en\/wp-json\/wp\/v2\/types\/product"}],"replies":[{"embeddable":true,"href":"http:\/\/gustavoassisceramicas.com.br\/en\/wp-json\/wp\/v2\/comments?post=16119"}],"wp:featuredmedia":[{"embeddable":true,"href":"http:\/\/gustavoassisceramicas.com.br\/en\/wp-json\/wp\/v2\/media\/16122"}],"wp:attachment":[{"href":"http:\/\/gustavoassisceramicas.com.br\/en\/wp-json\/wp\/v2\/media?parent=16119"}],"wp:term":[{"taxonomy":"product_brand","embeddable":true,"href":"http:\/\/gustavoassisceramicas.com.br\/en\/wp-json\/wp\/v2\/product_brand?post=16119"},{"taxonomy":"product_cat","embeddable":true,"href":"http:\/\/gustavoassisceramicas.com.br\/en\/wp-json\/wp\/v2\/product_cat?post=16119"},{"taxonomy":"product_tag","embeddable":true,"href":"http:\/\/gustavoassisceramicas.com.br\/en\/wp-json\/wp\/v2\/product_tag?post=16119"}],"curies":[{"name":"wp","href":"https:\/\/api.w.org\/{rel}","templated":true}]}}