{"id":15941,"date":"2022-10-19T11:51:29","date_gmt":"2022-10-19T14:51:29","guid":{"rendered":"https:\/\/gustavoassisceramicas.com.br\/?post_type=product&#038;p=15941"},"modified":"2022-10-29T11:37:02","modified_gmt":"2022-10-29T14:37:02","slug":"copinho-em-tenmoku","status":"publish","type":"product","link":"http:\/\/gustavoassisceramicas.com.br\/en\/product\/copinho-em-tenmoku\/","title":{"rendered":"Copinho em tenmoku"},"content":{"rendered":"","protected":false},"excerpt":{"rendered":"<p>Copinho em tenmoku<\/p>\n<p>&nbsp;<\/p>\n<p>Copo moldado no otrno em processo totalmente manual usando a porcelana. Ap\u00f3s isso, foi aplicado o esmalte tenmoku (preto) e queimado no forno \u00e0 g\u00e1s.<\/p>\n<p>Peso Aprox. 120 gr.<\/p>\n<p>Tamanho Aprox. 6,5 cm de di\u00e2metro x 6,5 cm de altura<\/p>","protected":false},"featured_media":15942,"comment_status":"open","ping_status":"closed","template":"","meta":[],"product_brand":[],"product_cat":[777,791,162,182],"product_tag":[246,291,793,174],"class_list":{"0":"post-15941","1":"product","2":"type-product","3":"status-publish","4":"has-post-thumbnail","6":"product_cat-colecoes","7":"product_cat-tenmoku","8":"product_cat-utilitarios","9":"product_cat-xicaras-canecas-e-copos","10":"product_tag-cachaca","11":"product_tag-copinho","12":"product_tag-sake","13":"product_tag-tenmoku","15":"first","16":"instock","17":"shipping-taxable","18":"product-type-simple"},"_links":{"self":[{"href":"http:\/\/gustavoassisceramicas.com.br\/en\/wp-json\/wp\/v2\/product\/15941","targetHints":{"allow":["GET"]}}],"collection":[{"href":"http:\/\/gustavoassisceramicas.com.br\/en\/wp-json\/wp\/v2\/product"}],"about":[{"href":"http:\/\/gustavoassisceramicas.com.br\/en\/wp-json\/wp\/v2\/types\/product"}],"replies":[{"embeddable":true,"href":"http:\/\/gustavoassisceramicas.com.br\/en\/wp-json\/wp\/v2\/comments?post=15941"}],"wp:featuredmedia":[{"embeddable":true,"href":"http:\/\/gustavoassisceramicas.com.br\/en\/wp-json\/wp\/v2\/media\/15942"}],"wp:attachment":[{"href":"http:\/\/gustavoassisceramicas.com.br\/en\/wp-json\/wp\/v2\/media?parent=15941"}],"wp:term":[{"taxonomy":"product_brand","embeddable":true,"href":"http:\/\/gustavoassisceramicas.com.br\/en\/wp-json\/wp\/v2\/product_brand?post=15941"},{"taxonomy":"product_cat","embeddable":true,"href":"http:\/\/gustavoassisceramicas.com.br\/en\/wp-json\/wp\/v2\/product_cat?post=15941"},{"taxonomy":"product_tag","embeddable":true,"href":"http:\/\/gustavoassisceramicas.com.br\/en\/wp-json\/wp\/v2\/product_tag?post=15941"}],"curies":[{"name":"wp","href":"https:\/\/api.w.org\/{rel}","templated":true}]}}