{"id":15881,"date":"2022-10-18T15:43:15","date_gmt":"2022-10-18T18:43:15","guid":{"rendered":"https:\/\/gustavoassisceramicas.com.br\/?post_type=product&#038;p=15881"},"modified":"2022-10-29T11:37:58","modified_gmt":"2022-10-29T14:37:58","slug":"copo-alto-em-tenmoku","status":"publish","type":"product","link":"http:\/\/gustavoassisceramicas.com.br\/en\/product\/copo-alto-em-tenmoku\/","title":{"rendered":"Copo alto em tenmoku"},"content":{"rendered":"","protected":false},"excerpt":{"rendered":"<p>Copo alto em tenmoku<\/p>\n<p>Pe\u00e7a totalmente feita no torno com porcelana. Ap\u00f3s a moldagem foi banhada com o esmalte tenmoku, conferindo depois de queimada no forno \u00e0 g\u00e1s a cor preta com pintas amarelas.<\/p>\n<p>Dimens\u00f5es aprox.: (Altura x Di\u00e2metro) 8,5 x 8,5 cm<\/p>\n<p>Peso aprox.: 150 gr<\/p>","protected":false},"featured_media":15882,"comment_status":"open","ping_status":"closed","template":"","meta":[],"product_brand":[],"product_cat":[777,791,162,182],"product_tag":[167,174],"class_list":{"0":"post-15881","1":"product","2":"type-product","3":"status-publish","4":"has-post-thumbnail","6":"product_cat-colecoes","7":"product_cat-tenmoku","8":"product_cat-utilitarios","9":"product_cat-xicaras-canecas-e-copos","10":"product_tag-copo","11":"product_tag-tenmoku","13":"first","14":"instock","15":"shipping-taxable","16":"product-type-simple"},"_links":{"self":[{"href":"http:\/\/gustavoassisceramicas.com.br\/en\/wp-json\/wp\/v2\/product\/15881","targetHints":{"allow":["GET"]}}],"collection":[{"href":"http:\/\/gustavoassisceramicas.com.br\/en\/wp-json\/wp\/v2\/product"}],"about":[{"href":"http:\/\/gustavoassisceramicas.com.br\/en\/wp-json\/wp\/v2\/types\/product"}],"replies":[{"embeddable":true,"href":"http:\/\/gustavoassisceramicas.com.br\/en\/wp-json\/wp\/v2\/comments?post=15881"}],"wp:featuredmedia":[{"embeddable":true,"href":"http:\/\/gustavoassisceramicas.com.br\/en\/wp-json\/wp\/v2\/media\/15882"}],"wp:attachment":[{"href":"http:\/\/gustavoassisceramicas.com.br\/en\/wp-json\/wp\/v2\/media?parent=15881"}],"wp:term":[{"taxonomy":"product_brand","embeddable":true,"href":"http:\/\/gustavoassisceramicas.com.br\/en\/wp-json\/wp\/v2\/product_brand?post=15881"},{"taxonomy":"product_cat","embeddable":true,"href":"http:\/\/gustavoassisceramicas.com.br\/en\/wp-json\/wp\/v2\/product_cat?post=15881"},{"taxonomy":"product_tag","embeddable":true,"href":"http:\/\/gustavoassisceramicas.com.br\/en\/wp-json\/wp\/v2\/product_tag?post=15881"}],"curies":[{"name":"wp","href":"https:\/\/api.w.org\/{rel}","templated":true}]}}