{"id":15874,"date":"2022-10-18T13:12:56","date_gmt":"2022-10-18T16:12:56","guid":{"rendered":"https:\/\/gustavoassisceramicas.com.br\/?post_type=product&#038;p=15874"},"modified":"2022-10-29T11:46:03","modified_gmt":"2022-10-29T14:46:03","slug":"prato-fundo-de-refeicao-em-terracota-2","status":"publish","type":"product","link":"http:\/\/gustavoassisceramicas.com.br\/en\/product\/prato-fundo-de-refeicao-em-terracota-2\/","title":{"rendered":"Prato fundo de refei\u00e7\u00e3o em terracota"},"content":{"rendered":"","protected":false},"excerpt":{"rendered":"<p>Prato fundo de refei\u00e7\u00e3o em terracota<\/p>\n<p>Prato feito totalmente \u00e0 m\u00e3o usando a argila terracota. Sobre a argila, foi aplicado o esmalte branco, fazendo desenhos decorativos.<\/p>\n<p>Pode ser usado no micro-ondas e m\u00e1quina de lavar lou\u00e7as.<\/p>\n<p>Peso aprox. 480 gr.<br \/>\nTamanho aprox. 22 cm de di\u00e2metro x 4 cm de altura<\/p>","protected":false},"featured_media":15875,"comment_status":"open","ping_status":"closed","template":"","meta":[],"product_brand":[],"product_cat":[777,184,781,162],"product_tag":[172,433,293,164],"class_list":{"0":"post-15874","1":"product","2":"type-product","3":"status-publish","4":"has-post-thumbnail","6":"product_cat-colecoes","7":"product_cat-pratos","8":"product_cat-terracota","9":"product_cat-utilitarios","10":"product_tag-branco","11":"product_tag-fundo","12":"product_tag-prato","13":"product_tag-terracota","15":"first","16":"instock","17":"shipping-taxable","18":"product-type-simple"},"_links":{"self":[{"href":"http:\/\/gustavoassisceramicas.com.br\/en\/wp-json\/wp\/v2\/product\/15874","targetHints":{"allow":["GET"]}}],"collection":[{"href":"http:\/\/gustavoassisceramicas.com.br\/en\/wp-json\/wp\/v2\/product"}],"about":[{"href":"http:\/\/gustavoassisceramicas.com.br\/en\/wp-json\/wp\/v2\/types\/product"}],"replies":[{"embeddable":true,"href":"http:\/\/gustavoassisceramicas.com.br\/en\/wp-json\/wp\/v2\/comments?post=15874"}],"wp:featuredmedia":[{"embeddable":true,"href":"http:\/\/gustavoassisceramicas.com.br\/en\/wp-json\/wp\/v2\/media\/15875"}],"wp:attachment":[{"href":"http:\/\/gustavoassisceramicas.com.br\/en\/wp-json\/wp\/v2\/media?parent=15874"}],"wp:term":[{"taxonomy":"product_brand","embeddable":true,"href":"http:\/\/gustavoassisceramicas.com.br\/en\/wp-json\/wp\/v2\/product_brand?post=15874"},{"taxonomy":"product_cat","embeddable":true,"href":"http:\/\/gustavoassisceramicas.com.br\/en\/wp-json\/wp\/v2\/product_cat?post=15874"},{"taxonomy":"product_tag","embeddable":true,"href":"http:\/\/gustavoassisceramicas.com.br\/en\/wp-json\/wp\/v2\/product_tag?post=15874"}],"curies":[{"name":"wp","href":"https:\/\/api.w.org\/{rel}","templated":true}]}}