{"id":15848,"date":"2022-10-17T18:34:14","date_gmt":"2022-10-17T21:34:14","guid":{"rendered":"https:\/\/gustavoassisceramicas.com.br\/?post_type=product&#038;p=15848"},"modified":"2022-10-29T11:40:01","modified_gmt":"2022-10-29T14:40:01","slug":"copinho-de-cha-ou-yunomi-em-tenmoku","status":"publish","type":"product","link":"http:\/\/gustavoassisceramicas.com.br\/en\/product\/copinho-de-cha-ou-yunomi-em-tenmoku\/","title":{"rendered":"Copinho de ch\u00e1 ou yunomi em Tenmoku"},"content":{"rendered":"","protected":false},"excerpt":{"rendered":"<p>Copinho de ch\u00e1 ou Yunomi<\/p>\n<p>Esse copinho foi moldado no torno com reentr\u00e2ncias para ser mais gostoso de pegar e tamb\u00e9m pela est\u00e9tica. Pode ser usado para apreciar ch\u00e1 ou como copo normal. O nome yunomi vem do japon\u00eas e se traduz por copo de ch\u00e1. \u00c9 normalmente usado no Jap\u00e3o para beber ch\u00e1 informalmente em casa ou em restaurantes, ap\u00f3s as refei\u00e7\u00f5es.<\/p>\n<p>Foi utilizado o esmalte tenmoku, que d\u00e1 a cor preta com pintas na pe\u00e7a.<\/p>\n<p>Sua capacidade aproximada \u00e9 de 170 ml.<\/p>\n<p>Peso Aproximado: 230 g<br \/>\nTamanho Aproximado: 7 cm de di\u00e2metro x 8,5 cm de altura<\/p>","protected":false},"featured_media":15879,"comment_status":"open","ping_status":"closed","template":"","meta":[],"product_brand":[],"product_cat":[777,791,162,182],"product_tag":[171,167,174,247],"class_list":{"0":"post-15848","1":"product","2":"type-product","3":"status-publish","4":"has-post-thumbnail","6":"product_cat-colecoes","7":"product_cat-tenmoku","8":"product_cat-utilitarios","9":"product_cat-xicaras-canecas-e-copos","10":"product_tag-cha","11":"product_tag-copo","12":"product_tag-tenmoku","13":"product_tag-yunomi","15":"first","16":"instock","17":"shipping-taxable","18":"product-type-simple"},"_links":{"self":[{"href":"http:\/\/gustavoassisceramicas.com.br\/en\/wp-json\/wp\/v2\/product\/15848","targetHints":{"allow":["GET"]}}],"collection":[{"href":"http:\/\/gustavoassisceramicas.com.br\/en\/wp-json\/wp\/v2\/product"}],"about":[{"href":"http:\/\/gustavoassisceramicas.com.br\/en\/wp-json\/wp\/v2\/types\/product"}],"replies":[{"embeddable":true,"href":"http:\/\/gustavoassisceramicas.com.br\/en\/wp-json\/wp\/v2\/comments?post=15848"}],"wp:featuredmedia":[{"embeddable":true,"href":"http:\/\/gustavoassisceramicas.com.br\/en\/wp-json\/wp\/v2\/media\/15879"}],"wp:attachment":[{"href":"http:\/\/gustavoassisceramicas.com.br\/en\/wp-json\/wp\/v2\/media?parent=15848"}],"wp:term":[{"taxonomy":"product_brand","embeddable":true,"href":"http:\/\/gustavoassisceramicas.com.br\/en\/wp-json\/wp\/v2\/product_brand?post=15848"},{"taxonomy":"product_cat","embeddable":true,"href":"http:\/\/gustavoassisceramicas.com.br\/en\/wp-json\/wp\/v2\/product_cat?post=15848"},{"taxonomy":"product_tag","embeddable":true,"href":"http:\/\/gustavoassisceramicas.com.br\/en\/wp-json\/wp\/v2\/product_tag?post=15848"}],"curies":[{"name":"wp","href":"https:\/\/api.w.org\/{rel}","templated":true}]}}