{"id":15684,"date":"2022-10-12T14:21:51","date_gmt":"2022-10-12T17:21:51","guid":{"rendered":"https:\/\/gustavoassisceramicas.com.br\/?post_type=product&#038;p=15684"},"modified":"2022-10-29T11:56:53","modified_gmt":"2022-10-29T14:56:53","slug":"jarras-decorativas-em-terracota","status":"publish","type":"product","link":"http:\/\/gustavoassisceramicas.com.br\/en\/product\/jarras-decorativas-em-terracota\/","title":{"rendered":"Jarras decorativas em Terracota"},"content":{"rendered":"","protected":false},"excerpt":{"rendered":"<p>Jarras Decorativas em Terracota<\/p>\n<p>Jarras feitas totalmenta \u00e0 m\u00e3o com design exclusivo. Utilizou a argila terracota. Por n\u00e3o receber esmalte, n\u00e3o recomendamos o uso utilit\u00e1rio.<\/p>\n<p>Dispon\u00edvel em 2 modelos.<\/p>\n<p>Modelo 1<br \/>\nPeso aprox. 613 gr<br \/>\nTamanho Aprox. 23 cm de altura x 11 cm de di\u00e2metro<\/p>\n<p>Modelo 2<br \/>\nPeso aprox. 909 gr.<br \/>\nTamanho aprox.25 cm de altura x 12 cm de di\u00e2metro<\/p>","protected":false},"featured_media":15686,"comment_status":"open","ping_status":"closed","template":"","meta":[],"product_brand":[],"product_cat":[777,176,261,781],"product_tag":[446,343,164],"class_list":{"0":"post-15684","1":"product","2":"type-product","3":"status-publish","4":"has-post-thumbnail","6":"product_cat-colecoes","7":"product_cat-decorativas","8":"product_cat-garrafas","9":"product_cat-terracota","10":"product_tag-decorativa","11":"product_tag-jarra","12":"product_tag-terracota","14":"first","15":"instock","16":"shipping-taxable","17":"product-type-variable"},"_links":{"self":[{"href":"http:\/\/gustavoassisceramicas.com.br\/en\/wp-json\/wp\/v2\/product\/15684","targetHints":{"allow":["GET"]}}],"collection":[{"href":"http:\/\/gustavoassisceramicas.com.br\/en\/wp-json\/wp\/v2\/product"}],"about":[{"href":"http:\/\/gustavoassisceramicas.com.br\/en\/wp-json\/wp\/v2\/types\/product"}],"replies":[{"embeddable":true,"href":"http:\/\/gustavoassisceramicas.com.br\/en\/wp-json\/wp\/v2\/comments?post=15684"}],"wp:featuredmedia":[{"embeddable":true,"href":"http:\/\/gustavoassisceramicas.com.br\/en\/wp-json\/wp\/v2\/media\/15686"}],"wp:attachment":[{"href":"http:\/\/gustavoassisceramicas.com.br\/en\/wp-json\/wp\/v2\/media?parent=15684"}],"wp:term":[{"taxonomy":"product_brand","embeddable":true,"href":"http:\/\/gustavoassisceramicas.com.br\/en\/wp-json\/wp\/v2\/product_brand?post=15684"},{"taxonomy":"product_cat","embeddable":true,"href":"http:\/\/gustavoassisceramicas.com.br\/en\/wp-json\/wp\/v2\/product_cat?post=15684"},{"taxonomy":"product_tag","embeddable":true,"href":"http:\/\/gustavoassisceramicas.com.br\/en\/wp-json\/wp\/v2\/product_tag?post=15684"}],"curies":[{"name":"wp","href":"https:\/\/api.w.org\/{rel}","templated":true}]}}