{"id":15680,"date":"2022-10-12T13:28:12","date_gmt":"2022-10-12T16:28:12","guid":{"rendered":"https:\/\/gustavoassisceramicas.com.br\/?post_type=product&#038;p=15680"},"modified":"2022-10-29T11:57:17","modified_gmt":"2022-10-29T14:57:17","slug":"xicara-de-cha-em-terracota-medio-com-pratinho","status":"publish","type":"product","link":"http:\/\/gustavoassisceramicas.com.br\/en\/product\/xicara-de-cha-em-terracota-medio-com-pratinho\/","title":{"rendered":"X\u00edcara de ch\u00e1 em terracota m\u00e9dio com pratinho"},"content":{"rendered":"","protected":false},"excerpt":{"rendered":"<p>X\u00edcara de Ch\u00e1 M\u00e9dia em Terracota<\/p>\n<p>X\u00edcara de ch\u00e1 totalmente feita \u00e0 m\u00e3o em argila terracota e esmalte branco. Acompanha pratinho.<\/p>\n<p>Tamanho Aprox. 9 cm de di\u00e2metro x 8 cm de altura<br \/>\nPeso Aprox. 300 gr.<\/p>","protected":false},"featured_media":15681,"comment_status":"open","ping_status":"closed","template":"","meta":[],"product_brand":[],"product_cat":[777,781],"product_tag":[171,164,169],"class_list":{"0":"post-15680","1":"product","2":"type-product","3":"status-publish","4":"has-post-thumbnail","6":"product_cat-colecoes","7":"product_cat-terracota","8":"product_tag-cha","9":"product_tag-terracota","10":"product_tag-xicara","12":"first","13":"instock","14":"shipping-taxable","15":"product-type-simple"},"_links":{"self":[{"href":"http:\/\/gustavoassisceramicas.com.br\/en\/wp-json\/wp\/v2\/product\/15680","targetHints":{"allow":["GET"]}}],"collection":[{"href":"http:\/\/gustavoassisceramicas.com.br\/en\/wp-json\/wp\/v2\/product"}],"about":[{"href":"http:\/\/gustavoassisceramicas.com.br\/en\/wp-json\/wp\/v2\/types\/product"}],"replies":[{"embeddable":true,"href":"http:\/\/gustavoassisceramicas.com.br\/en\/wp-json\/wp\/v2\/comments?post=15680"}],"wp:featuredmedia":[{"embeddable":true,"href":"http:\/\/gustavoassisceramicas.com.br\/en\/wp-json\/wp\/v2\/media\/15681"}],"wp:attachment":[{"href":"http:\/\/gustavoassisceramicas.com.br\/en\/wp-json\/wp\/v2\/media?parent=15680"}],"wp:term":[{"taxonomy":"product_brand","embeddable":true,"href":"http:\/\/gustavoassisceramicas.com.br\/en\/wp-json\/wp\/v2\/product_brand?post=15680"},{"taxonomy":"product_cat","embeddable":true,"href":"http:\/\/gustavoassisceramicas.com.br\/en\/wp-json\/wp\/v2\/product_cat?post=15680"},{"taxonomy":"product_tag","embeddable":true,"href":"http:\/\/gustavoassisceramicas.com.br\/en\/wp-json\/wp\/v2\/product_tag?post=15680"}],"curies":[{"name":"wp","href":"https:\/\/api.w.org\/{rel}","templated":true}]}}