{"id":15307,"date":"2021-12-01T17:25:25","date_gmt":"2021-12-01T20:25:25","guid":{"rendered":"https:\/\/gustavoassisceramicas.com.br\/?post_type=product&#038;p=15307"},"modified":"2022-07-13T15:07:26","modified_gmt":"2022-07-13T18:07:26","slug":"conjunto-de-tigelas-com-tampa","status":"publish","type":"product","link":"http:\/\/gustavoassisceramicas.com.br\/en\/product\/conjunto-de-tigelas-com-tampa\/","title":{"rendered":"Conjunto de tigelas com tampa"},"content":{"rendered":"","protected":false},"excerpt":{"rendered":"<p>Conjunto de tigelas com tampa<\/p>\n<p>Conjunto de duas tigelas com tampa feitas no torno em diversos esmaltes. Pr\u00f3pria para servir missoshiru ou outra sopa quente. A tampa ajuda a manter o calor.<\/p>\n<p>Queimada \u00e0 alta temperatura no forno \u00e0 g\u00e1s. Feita \u00e0 m\u00e3o no torno.<\/p>\n<p>Peso m\u00e9dio aproximado de cada tigela (com a tampa): 380 g<br \/>\nDimens\u00f5es m\u00e9dias aproximadas (Altura x Di\u00e2metro): 10,5 x 10,5 cm<\/p>","protected":false},"featured_media":15311,"comment_status":"open","ping_status":"closed","template":"","meta":[],"product_brand":[],"product_cat":[184,162],"product_tag":[760,444,759,193,290,191],"class_list":{"0":"post-15307","1":"product","2":"type-product","3":"status-publish","4":"has-post-thumbnail","6":"product_cat-pratos","7":"product_cat-utilitarios","8":"product_tag-comida-japonesa","9":"product_tag-japonesa","10":"product_tag-missoshiru","11":"product_tag-sopa","12":"product_tag-tampa","13":"product_tag-tigela","15":"first","16":"instock","17":"shipping-taxable","18":"product-type-variable"},"_links":{"self":[{"href":"http:\/\/gustavoassisceramicas.com.br\/en\/wp-json\/wp\/v2\/product\/15307","targetHints":{"allow":["GET"]}}],"collection":[{"href":"http:\/\/gustavoassisceramicas.com.br\/en\/wp-json\/wp\/v2\/product"}],"about":[{"href":"http:\/\/gustavoassisceramicas.com.br\/en\/wp-json\/wp\/v2\/types\/product"}],"replies":[{"embeddable":true,"href":"http:\/\/gustavoassisceramicas.com.br\/en\/wp-json\/wp\/v2\/comments?post=15307"}],"wp:featuredmedia":[{"embeddable":true,"href":"http:\/\/gustavoassisceramicas.com.br\/en\/wp-json\/wp\/v2\/media\/15311"}],"wp:attachment":[{"href":"http:\/\/gustavoassisceramicas.com.br\/en\/wp-json\/wp\/v2\/media?parent=15307"}],"wp:term":[{"taxonomy":"product_brand","embeddable":true,"href":"http:\/\/gustavoassisceramicas.com.br\/en\/wp-json\/wp\/v2\/product_brand?post=15307"},{"taxonomy":"product_cat","embeddable":true,"href":"http:\/\/gustavoassisceramicas.com.br\/en\/wp-json\/wp\/v2\/product_cat?post=15307"},{"taxonomy":"product_tag","embeddable":true,"href":"http:\/\/gustavoassisceramicas.com.br\/en\/wp-json\/wp\/v2\/product_tag?post=15307"}],"curies":[{"name":"wp","href":"https:\/\/api.w.org\/{rel}","templated":true}]}}