{"id":15241,"date":"2021-11-30T15:32:45","date_gmt":"2021-11-30T18:32:45","guid":{"rendered":"https:\/\/gustavoassisceramicas.com.br\/?post_type=product&#038;p=15241"},"modified":"2022-10-29T12:00:03","modified_gmt":"2022-10-29T15:00:03","slug":"xicara-de-cafe-em-terracota-2","status":"publish","type":"product","link":"http:\/\/gustavoassisceramicas.com.br\/en\/product\/xicara-de-cafe-em-terracota-2\/","title":{"rendered":"X\u00edcara de caf\u00e9 em terracota"},"content":{"rendered":"","protected":false},"excerpt":{"rendered":"<p>X\u00edcara de caf\u00e9 em esmalte branco<\/p>\n<p>Delicada x\u00edcara de cafezinho com esmalte branco na argila terracota.<br \/>\nSuper leve e gostosa de usar. Feita no torno \u00e0 m\u00e3o.<\/p>\n<p>Acompanha pratinho.<br \/>\nPode ser levado ao micro-ondas e m\u00e1quina de lavar lou\u00e7as.<\/p>\n<p>Modelos vendidos separadamente em tamanhos diferentes.<\/p>\n<p>Modelo 1:<\/p>\n<p>Dimens\u00f5es aproximadas (Altura x Di\u00e2metro): pires: 2 x 10 cm \/ x\u00edcara: 6 x 6,5 cm<\/p>\n<p>Peso total aproximado: 220 gramas<\/p>\n<p>Modelo 2:<\/p>\n<p>Dimens\u00f5es aproximadas (Altura x Di\u00e2metro): pires: 2 x 10 cm \/ x\u00edcara: 7 x 8 cm<\/p>\n<p>Peso total aproximado: 240 gramas<\/p>\n<p>&nbsp;<\/p>","protected":false},"featured_media":15835,"comment_status":"open","ping_status":"closed","template":"","meta":[],"product_brand":[],"product_cat":[777,781,162,182],"product_tag":[170,164,169],"class_list":{"0":"post-15241","1":"product","2":"type-product","3":"status-publish","4":"has-post-thumbnail","6":"product_cat-colecoes","7":"product_cat-terracota","8":"product_cat-utilitarios","9":"product_cat-xicaras-canecas-e-copos","10":"product_tag-cafe","11":"product_tag-terracota","12":"product_tag-xicara","14":"first","15":"instock","16":"shipping-taxable","17":"product-type-simple"},"_links":{"self":[{"href":"http:\/\/gustavoassisceramicas.com.br\/en\/wp-json\/wp\/v2\/product\/15241","targetHints":{"allow":["GET"]}}],"collection":[{"href":"http:\/\/gustavoassisceramicas.com.br\/en\/wp-json\/wp\/v2\/product"}],"about":[{"href":"http:\/\/gustavoassisceramicas.com.br\/en\/wp-json\/wp\/v2\/types\/product"}],"replies":[{"embeddable":true,"href":"http:\/\/gustavoassisceramicas.com.br\/en\/wp-json\/wp\/v2\/comments?post=15241"}],"wp:featuredmedia":[{"embeddable":true,"href":"http:\/\/gustavoassisceramicas.com.br\/en\/wp-json\/wp\/v2\/media\/15835"}],"wp:attachment":[{"href":"http:\/\/gustavoassisceramicas.com.br\/en\/wp-json\/wp\/v2\/media?parent=15241"}],"wp:term":[{"taxonomy":"product_brand","embeddable":true,"href":"http:\/\/gustavoassisceramicas.com.br\/en\/wp-json\/wp\/v2\/product_brand?post=15241"},{"taxonomy":"product_cat","embeddable":true,"href":"http:\/\/gustavoassisceramicas.com.br\/en\/wp-json\/wp\/v2\/product_cat?post=15241"},{"taxonomy":"product_tag","embeddable":true,"href":"http:\/\/gustavoassisceramicas.com.br\/en\/wp-json\/wp\/v2\/product_tag?post=15241"}],"curies":[{"name":"wp","href":"https:\/\/api.w.org\/{rel}","templated":true}]}}